{"id":343,"date":"2024-10-22T14:07:57","date_gmt":"2024-10-22T14:07:57","guid":{"rendered":"https:\/\/blumestudio.pt\/?page_id=343"},"modified":"2025-01-20T11:32:35","modified_gmt":"2025-01-20T11:32:35","slug":"privacy-policy-2","status":"publish","type":"page","link":"https:\/\/blumestudio.pt\/pt\/privacy-policy-2\/","title":{"rendered":"Politica de Privacidade"},"content":{"rendered":"<div data-elementor-type=\"wp-page\" data-elementor-id=\"343\" class=\"elementor elementor-343\" data-elementor-post-type=\"page\">\n\t\t\t\t<div class=\"elementor-element elementor-element-ad186fd e-con-full e-flex e-con e-parent\" data-id=\"ad186fd\" data-element_type=\"container\">\n\t\t\t\t<div class=\"elementor-element elementor-element-1df97b0 elementor-hidden-mobile elementor-widget elementor-widget-spacer\" data-id=\"1df97b0\" data-element_type=\"widget\" data-widget_type=\"spacer.default\">\n\t\t\t\t<div class=\"elementor-widget-container\">\n\t\t\t\t\t<div class=\"elementor-spacer\">\n\t\t\t<div class=\"elementor-spacer-inner\"><\/div>\n\t\t<\/div>\n\t\t\t\t<\/div>\n\t\t\t\t<\/div>\n\t\t\t\t<\/div>\n\t\t<div class=\"elementor-element elementor-element-3730210 e-con-full e-flex e-con e-parent\" data-id=\"3730210\" data-element_type=\"container\">\n\t\t<div class=\"elementor-element elementor-element-cdf01dc e-con-full e-flex e-con e-child\" data-id=\"cdf01dc\" data-element_type=\"container\">\n\t\t\t\t<div class=\"elementor-element elementor-element-041889e elementor-widget elementor-widget-heading\" data-id=\"041889e\" data-element_type=\"widget\" data-widget_type=\"heading.default\">\n\t\t\t\t<div class=\"elementor-widget-container\">\n\t\t\t<h3 class=\"elementor-heading-title elementor-size-default\">Politica de Privacidade<\/h3>\t\t<\/div>\n\t\t\t\t<\/div>\n\t\t\t\t<div class=\"elementor-element elementor-element-a537eaa elementor-hidden-mobile elementor-widget elementor-widget-spacer\" data-id=\"a537eaa\" data-element_type=\"widget\" data-widget_type=\"spacer.default\">\n\t\t\t\t<div class=\"elementor-widget-container\">\n\t\t\t\t\t<div class=\"elementor-spacer\">\n\t\t\t<div class=\"elementor-spacer-inner\"><\/div>\n\t\t<\/div>\n\t\t\t\t<\/div>\n\t\t\t\t<\/div>\n\t\t\t\t<\/div>\n\t\t<div class=\"elementor-element elementor-element-385c598 e-con-full elementor-hidden-mobile e-flex e-con e-child\" data-id=\"385c598\" data-element_type=\"container\">\n\t\t\t\t<\/div>\n\t\t\t\t<\/div>\n\t\t<div class=\"elementor-element elementor-element-5c54bfc e-con-full e-flex e-con e-parent\" data-id=\"5c54bfc\" data-element_type=\"container\">\n\t\t<div class=\"elementor-element elementor-element-203fd73 e-con-full e-flex e-con e-child\" data-id=\"203fd73\" data-element_type=\"container\">\n\t\t\t\t<div class=\"elementor-element elementor-element-c889660 elementor-widget elementor-widget-heading\" data-id=\"c889660\" data-element_type=\"widget\" data-widget_type=\"heading.default\">\n\t\t\t\t<div class=\"elementor-widget-container\">\n\t\t\t<p class=\"elementor-heading-title elementor-size-default\">Informa\u00e7\u00e3o pessoal \u00e9 qualquer dado que possa ser utilizado para identificar ou contactar uma \u00fanica pessoa.<\/p>\t\t<\/div>\n\t\t\t\t<\/div>\n\t\t\t\t<\/div>\n\t\t<div class=\"elementor-element elementor-element-422914c e-con-full elementor-hidden-mobile e-flex e-con e-child\" data-id=\"422914c\" data-element_type=\"container\">\n\t\t\t\t<\/div>\n\t\t<div class=\"elementor-element elementor-element-df83c94 e-con-full e-flex e-con e-child\" data-id=\"df83c94\" data-element_type=\"container\">\n\t\t\t\t<div class=\"elementor-element elementor-element-66e757b elementor-widget elementor-widget-heading\" data-id=\"66e757b\" data-element_type=\"widget\" data-widget_type=\"heading.default\">\n\t\t\t\t<div class=\"elementor-widget-container\">\n\t\t\t<p class=\"elementor-heading-title elementor-size-default\">Entregar um trabalho excelente est\u00e1 no centro do que fazemos no BLUME STUDIO\u00ae.\nEm cada projeto, elevamos a fasquia para criar novos desafios e nos mantermos no topo da nossa arte. Valorizamos a confian\u00e7a, liberdade, paix\u00e3o, rela\u00e7\u00f5es calorosas e amig\u00e1veis, e aproveitamos bastante o nosso tempo juntos. Se isto ressoar com a sua vis\u00e3o, gostar\u00edamos muito de conversar sobre como podemos trabalhar juntos. Entre em contacto hoje mesmo!<\/p>\t\t<\/div>\n\t\t\t\t<\/div>\n\t\t\t\t<\/div>\n\t\t\t\t<\/div>\n\t\t<div class=\"elementor-element elementor-element-c94f198 elementor-hidden-mobile e-flex e-con-boxed e-con e-parent\" data-id=\"c94f198\" data-element_type=\"container\">\n\t\t\t\t\t<div class=\"e-con-inner\">\n\t\t\t\t<div class=\"elementor-element elementor-element-92d709b elementor-widget elementor-widget-spacer\" data-id=\"92d709b\" data-element_type=\"widget\" data-widget_type=\"spacer.default\">\n\t\t\t\t<div class=\"elementor-widget-container\">\n\t\t\t\t\t<div class=\"elementor-spacer\">\n\t\t\t<div class=\"elementor-spacer-inner\"><\/div>\n\t\t<\/div>\n\t\t\t\t<\/div>\n\t\t\t\t<\/div>\n\t\t\t\t\t<\/div>\n\t\t\t\t<\/div>\n\t\t<div class=\"elementor-element elementor-element-ea7dbf9 e-con-full e-flex e-con e-parent\" data-id=\"ea7dbf9\" data-element_type=\"container\">\n\t\t<div class=\"elementor-element elementor-element-3be4dd2 e-con-full e-flex e-con e-child\" data-id=\"3be4dd2\" data-element_type=\"container\">\n\t\t\t\t<div class=\"elementor-element elementor-element-4b12833 elementor-widget elementor-widget-heading\" data-id=\"4b12833\" data-element_type=\"widget\" data-widget_type=\"heading.default\">\n\t\t\t\t<div class=\"elementor-widget-container\">\n\t\t\t<p class=\"elementor-heading-title elementor-size-default\">Como utilizamos as suas informa\u00e7\u00f5es pessoais<\/p>\t\t<\/div>\n\t\t\t\t<\/div>\n\t\t\t\t<\/div>\n\t\t<div class=\"elementor-element elementor-element-5d8b1f8 e-con-full elementor-hidden-mobile e-flex e-con e-child\" data-id=\"5d8b1f8\" data-element_type=\"container\">\n\t\t\t\t<\/div>\n\t\t<div class=\"elementor-element elementor-element-a1c157a e-con-full e-flex e-con e-child\" data-id=\"a1c157a\" data-element_type=\"container\">\n\t\t\t\t<div class=\"elementor-element elementor-element-eb87060 elementor-widget elementor-widget-heading\" data-id=\"eb87060\" data-element_type=\"widget\" data-widget_type=\"heading.default\">\n\t\t\t\t<div class=\"elementor-widget-container\">\n\t\t\t<p class=\"elementor-heading-title elementor-size-default\">Podemos processar as suas informa\u00e7\u00f5es pessoais para os fins descritos nesta Pol\u00edtica de Privacidade com o seu consentimento, para cumprir uma obriga\u00e7\u00e3o legal a que o BLUME STUDIO\u00ae est\u00e1 sujeito, ou quando determinarmos que \u00e9 necess\u00e1rio para os fins dos interesses leg\u00edtimos perseguidos pelo Blume Studio ou por um terceiro a quem possa ser necess\u00e1rio divulgar informa\u00e7\u00f5es. \n<br><br>\nAs informa\u00e7\u00f5es pessoais que recolhemos permitem-nos mant\u00ea-lo(a) informado(a) sobre os mais recentes an\u00fancios de servi\u00e7os da BLUME STUDIO\u00ae e eventos futuros. Se n\u00e3o quiser fazer parte da nossa lista de distribui\u00e7\u00e3o, pode optar por sair a qualquer momento, atualizando as suas prefer\u00eancias. \n<br><br>\nTamb\u00e9m utilizamos informa\u00e7\u00f5es pessoais para nos ajudar a criar, desenvolver, operar, entregar e melhorar os nossos servi\u00e7os, conte\u00fados e publicidade, e para fins de preven\u00e7\u00e3o de perdas e combate \u00e0 fraude. Podemos igualmente utilizar as suas informa\u00e7\u00f5es pessoais para fins de seguran\u00e7a de contas e redes, incluindo para proteger os nossos servi\u00e7os em benef\u00edcio de todos os nossos utilizadores.\n<br><br> \nDe tempos a tempos, podemos utilizar as suas informa\u00e7\u00f5es pessoais para enviar avisos importantes, como comunica\u00e7\u00f5es sobre altera\u00e7\u00f5es aos nossos termos, condi\u00e7\u00f5es e pol\u00edticas. \n<br><br>\nComo esta informa\u00e7\u00e3o \u00e9 importante para a sua intera\u00e7\u00e3o com o BLUME STUDIO\u00ae, n\u00e3o poder\u00e1 optar por n\u00e3o receber estas comunica\u00e7\u00f5es. \n<br>\nPodemos tamb\u00e9m utilizar informa\u00e7\u00f5es pessoais para fins internos, como auditorias, an\u00e1lise de dados e investiga\u00e7\u00e3o, para melhorar os servi\u00e7os e comunica\u00e7\u00f5es com os clientes do BLUME STUDIO\u00ae.<\/p>\t\t<\/div>\n\t\t\t\t<\/div>\n\t\t\t\t<\/div>\n\t\t\t\t<\/div>\n\t\t<div class=\"elementor-element elementor-element-705fc2e elementor-hidden-mobile e-flex e-con-boxed e-con e-parent\" data-id=\"705fc2e\" data-element_type=\"container\">\n\t\t\t\t\t<div class=\"e-con-inner\">\n\t\t\t\t<div class=\"elementor-element elementor-element-4445e74 elementor-widget elementor-widget-spacer\" data-id=\"4445e74\" data-element_type=\"widget\" data-widget_type=\"spacer.default\">\n\t\t\t\t<div class=\"elementor-widget-container\">\n\t\t\t\t\t<div class=\"elementor-spacer\">\n\t\t\t<div class=\"elementor-spacer-inner\"><\/div>\n\t\t<\/div>\n\t\t\t\t<\/div>\n\t\t\t\t<\/div>\n\t\t\t\t\t<\/div>\n\t\t\t\t<\/div>\n\t\t<div class=\"elementor-element elementor-element-df1556c e-con-full e-flex e-con e-parent\" data-id=\"df1556c\" data-element_type=\"container\">\n\t\t<div class=\"elementor-element elementor-element-531da5b e-con-full e-flex e-con e-child\" data-id=\"531da5b\" data-element_type=\"container\">\n\t\t\t\t<div class=\"elementor-element elementor-element-b8b9606 elementor-widget elementor-widget-heading\" data-id=\"b8b9606\" data-element_type=\"widget\" data-widget_type=\"heading.default\">\n\t\t\t\t<div class=\"elementor-widget-container\">\n\t\t\t<p class=\"elementor-heading-title elementor-size-default\">Pol\u00edtica de cookies<\/p>\t\t<\/div>\n\t\t\t\t<\/div>\n\t\t\t\t<\/div>\n\t\t<div class=\"elementor-element elementor-element-1cf0737 e-con-full elementor-hidden-mobile e-flex e-con e-child\" data-id=\"1cf0737\" data-element_type=\"container\">\n\t\t\t\t<\/div>\n\t\t<div class=\"elementor-element elementor-element-a33e9a9 e-con-full e-flex e-con e-child\" data-id=\"a33e9a9\" data-element_type=\"container\">\n\t\t\t\t<div class=\"elementor-element elementor-element-8fff5f2 elementor-widget elementor-widget-heading\" data-id=\"8fff5f2\" data-element_type=\"widget\" data-widget_type=\"heading.default\">\n\t\t\t\t<div class=\"elementor-widget-container\">\n\t\t\t<p class=\"elementor-heading-title elementor-size-default\">Os cookies s\u00e3o pequenos ficheiros enviados pelo website, que s\u00e3o guardados no dispositivo do visitante do site. Os cookies ajudam o site a identificar o visitante e a manter um registo das suas intera\u00e7\u00f5es para uso futuro, como a defini\u00e7\u00e3o de prefer\u00eancias de idioma. Os cookies s\u00e3o usados na maioria dos websites; esta mec\u00e2nica \u00e9 detalhada na RFC6265. \n<br><br>\nO BLUME STUDIO\u00ae utiliza cookies para otimizar os nossos websites e melhorar a experi\u00eancia do utilizador, analisando as intera\u00e7\u00f5es dos visitantes do site atrav\u00e9s de solu\u00e7\u00f5es de terceiros. Para esta an\u00e1lise, \u00e9 utilizada a ferramenta Google Analytics da Google Inc. Pode saber mais sobre as pol\u00edticas de privacidade e os termos de uso destas solu\u00e7\u00f5es nas suas respetivas p\u00e1ginas web: Pol\u00edticas de privacidade e termos do Google Analytics. \n<br><br>\n\u00c9 poss\u00edvel optar por n\u00e3o aceitar cookies de terceiros com estes plugins: Google Analytics. \n<br><br>\nPode aprender mais sobre como eliminar todos os cookies do seu dispositivo aqui. Mais informa\u00e7\u00f5es sobre a legisla\u00e7\u00e3o da UE em rela\u00e7\u00e3o ao uso de cookies podem ser encontradas aqui. \n<br><br>\nEste site \u00e9 protegido pelo reCAPTCHA e a Pol\u00edtica de Privacidade e os Termos de Servi\u00e7o da Google aplicam-se.<\/p>\t\t<\/div>\n\t\t\t\t<\/div>\n\t\t\t\t<\/div>\n\t\t\t\t<\/div>\n\t\t<div class=\"elementor-element elementor-element-545c808 e-con-full e-flex e-con e-parent\" data-id=\"545c808\" data-element_type=\"container\">\n\t\t\t\t<div class=\"elementor-element elementor-element-005b26f elementor-widget elementor-widget-spacer\" data-id=\"005b26f\" data-element_type=\"widget\" data-widget_type=\"spacer.default\">\n\t\t\t\t<div class=\"elementor-widget-container\">\n\t\t\t\t\t<div class=\"elementor-spacer\">\n\t\t\t<div class=\"elementor-spacer-inner\"><\/div>\n\t\t<\/div>\n\t\t\t\t<\/div>\n\t\t\t\t<\/div>\n\t\t\t\t<\/div>\n\t\t\t\t<\/div>","protected":false},"excerpt":{"rendered":"<p>Privacy Policy Personal information is data that can be used to identify or contact a single person Delivering great work is at the heart of what we do in BLUME STUDIO&#174;. With every project, we push a bar a bit higher to create ourselves new challenges to stay on top of our craft. We value [&hellip;]<\/p>","protected":false},"author":2,"featured_media":0,"parent":0,"menu_order":0,"comment_status":"closed","ping_status":"closed","template":"","meta":{"footnotes":""},"class_list":["post-343","page","type-page","status-publish","hentry"],"acf":[],"_links":{"self":[{"href":"https:\/\/blumestudio.pt\/pt\/wp-json\/wp\/v2\/pages\/343","targetHints":{"allow":["GET"]}}],"collection":[{"href":"https:\/\/blumestudio.pt\/pt\/wp-json\/wp\/v2\/pages"}],"about":[{"href":"https:\/\/blumestudio.pt\/pt\/wp-json\/wp\/v2\/types\/page"}],"author":[{"embeddable":true,"href":"https:\/\/blumestudio.pt\/pt\/wp-json\/wp\/v2\/users\/2"}],"replies":[{"embeddable":true,"href":"https:\/\/blumestudio.pt\/pt\/wp-json\/wp\/v2\/comments?post=343"}],"version-history":[{"count":40,"href":"https:\/\/blumestudio.pt\/pt\/wp-json\/wp\/v2\/pages\/343\/revisions"}],"predecessor-version":[{"id":1467,"href":"https:\/\/blumestudio.pt\/pt\/wp-json\/wp\/v2\/pages\/343\/revisions\/1467"}],"wp:attachment":[{"href":"https:\/\/blumestudio.pt\/pt\/wp-json\/wp\/v2\/media?parent=343"}],"curies":[{"name":"wp","href":"https:\/\/api.w.org\/{rel}","templated":true}]}}