{"id":333,"date":"2024-10-23T14:21:56","date_gmt":"2024-10-23T14:21:56","guid":{"rendered":"https:\/\/blumestudio.pt\/?page_id=333"},"modified":"2024-11-22T12:10:30","modified_gmt":"2024-11-22T12:10:30","slug":"contacts","status":"publish","type":"page","link":"https:\/\/blumestudio.pt\/pt\/contacts\/","title":{"rendered":"Contactos"},"content":{"rendered":"<div data-elementor-type=\"wp-page\" data-elementor-id=\"333\" class=\"elementor elementor-333\" data-elementor-post-type=\"page\">\n\t\t\t\t<div class=\"elementor-element elementor-element-5195548 e-con-full e-flex e-con e-parent\" data-id=\"5195548\" data-element_type=\"container\">\n\t\t\t\t<div class=\"elementor-element elementor-element-4003694 elementor-hidden-mobile elementor-widget elementor-widget-spacer\" data-id=\"4003694\" data-element_type=\"widget\" data-widget_type=\"spacer.default\">\n\t\t\t\t<div class=\"elementor-widget-container\">\n\t\t\t\t\t<div class=\"elementor-spacer\">\n\t\t\t<div class=\"elementor-spacer-inner\"><\/div>\n\t\t<\/div>\n\t\t\t\t<\/div>\n\t\t\t\t<\/div>\n\t\t\t\t<\/div>\n\t\t<div class=\"elementor-element elementor-element-2e94767 e-con-full e-flex e-con e-parent\" data-id=\"2e94767\" data-element_type=\"container\">\n\t\t<div class=\"elementor-element elementor-element-e1004f1 e-con-full e-flex e-con e-child\" data-id=\"e1004f1\" data-element_type=\"container\">\n\t\t\t\t<div class=\"elementor-element elementor-element-8ba4c44 elementor-widget elementor-widget-heading\" data-id=\"8ba4c44\" data-element_type=\"widget\" data-widget_type=\"heading.default\">\n\t\t\t\t<div class=\"elementor-widget-container\">\n\t\t\t<h1 class=\"elementor-heading-title elementor-size-default\">Trabalhamos em equipa com os nossos clientes, com disponibilidade e dedica\u00e7\u00e3o para responder \u00e0s necessidades e desafios de cada projecto.<br>\nQualquer que seja o seu objetivo, let's Blume the future!<\/h1>\t\t<\/div>\n\t\t\t\t<\/div>\n\t\t\t\t<\/div>\n\t\t<div class=\"elementor-element elementor-element-199317a e-con-full e-flex e-con e-child\" data-id=\"199317a\" data-element_type=\"container\">\n\t\t\t\t<\/div>\n\t\t<div class=\"elementor-element elementor-element-4e75176 e-con-full elementor-hidden-mobile e-flex e-con e-child\" data-id=\"4e75176\" data-element_type=\"container\">\n\t\t\t\t<div class=\"elementor-element elementor-element-821b5c6 elementor-widget elementor-widget-heading\" data-id=\"821b5c6\" data-element_type=\"widget\" data-widget_type=\"heading.default\">\n\t\t\t\t<div class=\"elementor-widget-container\">\n\t\t\t<h3 class=\"elementor-heading-title elementor-size-default\">Branding fit to screen<\/h3>\t\t<\/div>\n\t\t\t\t<\/div>\n\t\t\t\t<div class=\"elementor-element elementor-element-a1464aa elementor-widget elementor-widget-image\" data-id=\"a1464aa\" data-element_type=\"widget\" data-widget_type=\"image.default\">\n\t\t\t\t<div class=\"elementor-widget-container\">\n\t\t\t\t\t\t\t\t\t\t\t\t\t<img decoding=\"async\" src=\"https:\/\/blumestudio.pt\/wp-content\/uploads\/2024\/10\/simbolo-blume.svg\" class=\"attachment-full size-full wp-image-339\" alt=\"\" \/>\t\t\t\t\t\t\t\t\t\t\t\t\t<\/div>\n\t\t\t\t<\/div>\n\t\t\t\t<\/div>\n\t\t<div class=\"elementor-element elementor-element-cff37b3 e-con-full e-flex e-con e-child\" data-id=\"cff37b3\" data-element_type=\"container\">\n\t\t<div class=\"elementor-element elementor-element-ff76260 e-con-full e-flex e-con e-child\" data-id=\"ff76260\" data-element_type=\"container\">\n\t\t\t\t<div class=\"elementor-element elementor-element-470e4f8 elementor-widget elementor-widget-heading\" data-id=\"470e4f8\" data-element_type=\"widget\" data-widget_type=\"heading.default\">\n\t\t\t\t<div class=\"elementor-widget-container\">\n\t\t\t<h3 class=\"elementor-heading-title elementor-size-default\">Localiza\u00e7\u00e3o<\/h3>\t\t<\/div>\n\t\t\t\t<\/div>\n\t\t\t\t<div class=\"elementor-element elementor-element-7d4fa12 elementor-widget elementor-widget-heading\" data-id=\"7d4fa12\" data-element_type=\"widget\" data-widget_type=\"heading.default\">\n\t\t\t\t<div class=\"elementor-widget-container\">\n\t\t\t<h3 class=\"elementor-heading-title elementor-size-default\">Estamos em Lisboa. A trabalhar worldwide.<\/h3>\t\t<\/div>\n\t\t\t\t<\/div>\n\t\t\t\t<\/div>\n\t\t<div class=\"elementor-element elementor-element-3d139c7 e-con-full e-flex e-con e-child\" data-id=\"3d139c7\" data-element_type=\"container\">\n\t\t\t\t<div class=\"elementor-element elementor-element-767d206 elementor-widget elementor-widget-heading\" data-id=\"767d206\" data-element_type=\"widget\" data-widget_type=\"heading.default\">\n\t\t\t\t<div class=\"elementor-widget-container\">\n\t\t\t<h3 class=\"elementor-heading-title elementor-size-default\">Email<\/h3>\t\t<\/div>\n\t\t\t\t<\/div>\n\t\t\t\t<div class=\"elementor-element elementor-element-bfa533e elementor-widget elementor-widget-heading\" data-id=\"bfa533e\" data-element_type=\"widget\" data-widget_type=\"heading.default\">\n\t\t\t\t<div class=\"elementor-widget-container\">\n\t\t\t<h3 class=\"elementor-heading-title elementor-size-default\">hello@blumestudio.pt<\/h3>\t\t<\/div>\n\t\t\t\t<\/div>\n\t\t\t\t<\/div>\n\t\t<div class=\"elementor-element elementor-element-4fe93ee e-con-full e-flex e-con e-child\" data-id=\"4fe93ee\" data-element_type=\"container\">\n\t\t\t\t<div class=\"elementor-element elementor-element-a46facd elementor-widget elementor-widget-heading\" data-id=\"a46facd\" data-element_type=\"widget\" data-widget_type=\"heading.default\">\n\t\t\t\t<div class=\"elementor-widget-container\">\n\t\t\t<h3 class=\"elementor-heading-title elementor-size-default\">Telefone<\/h3>\t\t<\/div>\n\t\t\t\t<\/div>\n\t\t\t\t<div class=\"elementor-element elementor-element-e0fd021 elementor-widget elementor-widget-heading\" data-id=\"e0fd021\" data-element_type=\"widget\" data-widget_type=\"heading.default\">\n\t\t\t\t<div class=\"elementor-widget-container\">\n\t\t\t<h3 class=\"elementor-heading-title elementor-size-default\">+351 912 431 833<\/h3>\t\t<\/div>\n\t\t\t\t<\/div>\n\t\t\t\t<\/div>\n\t\t\t\t<\/div>\n\t\t<div class=\"elementor-element elementor-element-3bcca5f e-con-full elementor-hidden-desktop elementor-hidden-tablet e-flex e-con e-child\" data-id=\"3bcca5f\" data-element_type=\"container\">\n\t\t\t\t<div class=\"elementor-element elementor-element-2391dbb elementor-widget elementor-widget-heading\" data-id=\"2391dbb\" data-element_type=\"widget\" data-widget_type=\"heading.default\">\n\t\t\t\t<div class=\"elementor-widget-container\">\n\t\t\t<h3 class=\"elementor-heading-title elementor-size-default\">Branding fit to screen<\/h3>\t\t<\/div>\n\t\t\t\t<\/div>\n\t\t\t\t<div class=\"elementor-element elementor-element-afc4856 elementor-widget elementor-widget-image\" data-id=\"afc4856\" data-element_type=\"widget\" data-widget_type=\"image.default\">\n\t\t\t\t<div class=\"elementor-widget-container\">\n\t\t\t\t\t\t\t\t\t\t\t\t\t<img decoding=\"async\" src=\"https:\/\/blumestudio.pt\/wp-content\/uploads\/2024\/10\/simbolo-blume.svg\" class=\"attachment-full size-full wp-image-339\" alt=\"\" \/>\t\t\t\t\t\t\t\t\t\t\t\t\t<\/div>\n\t\t\t\t<\/div>\n\t\t\t\t<\/div>\n\t\t\t\t<\/div>\n\t\t<a class=\"elementor-element elementor-element-8008904 e-con-full lets-talk e-flex e-con e-parent\" data-id=\"8008904\" data-element_type=\"container\" id=\"marqueeActive\" href=\"#elementor-action%3Aaction%3Dpopup%3Aopen%26settings%3DeyJpZCI6IjI0NyIsInRvZ2dsZSI6ZmFsc2V9\">\n\t\t\t\t<div class=\"elementor-element elementor-element-56b5f58 elementor-widget elementor-widget-html\" data-id=\"56b5f58\" data-element_type=\"widget\" data-widget_type=\"html.default\">\n\t\t\t\t<div class=\"elementor-widget-container\">\n\t\t\t<script>\r\nfunction Marquee(selector, speed) {\r\n  const parent = document.querySelector(selector);\r\n  const clone = parent.innerHTML;\r\n  let i = 0;\r\n  parent.innerHTML += clone;\r\n\r\n  setInterval(() => {\r\n    i += speed;\r\n    if (i >= parent.children[0].clientWidth) i = 0;\r\n    parent.children[0].style.marginLeft = `-${i}px`;\r\n  }, 0);\r\n}\r\n\r\ndocument.querySelector('.lets-talk').addEventListener('click', function(event){\r\n    event.preventDefault();\r\n    var classList = this.classList\r\n    classList.toggle('active');\r\n    const timerID = setInterval(() => {\r\n        if(document.getElementById('discoveryclose') == null) {\r\n            classList.toggle('active')\r\n            clearInterval(timerID);\r\n        }\r\n    }, 100)\r\n})\r\n\r\nwindow.addEventListener('load', () => Marquee('.marquee', .5));\r\n\r\n<\/script>\t\t<\/div>\n\t\t\t\t<\/div>\n\t\t<div class=\"elementor-element elementor-element-3daca5d e-con-full e-flex e-con e-child\" data-id=\"3daca5d\" data-element_type=\"container\">\n\t\t\t\t<div class=\"elementor-element elementor-element-15c168a elementor-widget elementor-widget-spacer\" data-id=\"15c168a\" data-element_type=\"widget\" data-widget_type=\"spacer.default\">\n\t\t\t\t<div class=\"elementor-widget-container\">\n\t\t\t\t\t<div class=\"elementor-spacer\">\n\t\t\t<div class=\"elementor-spacer-inner\"><\/div>\n\t\t<\/div>\n\t\t\t\t<\/div>\n\t\t\t\t<\/div>\n\t\t\t\t<div class=\"elementor-element elementor-element-2249969 marquee elementor-widget elementor-widget-heading\" data-id=\"2249969\" data-element_type=\"widget\" data-widget_type=\"heading.default\">\n\t\t\t\t<div class=\"elementor-widget-container\">\n\t\t\t<h3 class=\"elementor-heading-title elementor-size-default\">Vamos conversar - Vamos conversar - Vamos conversar - Vamos conversar - Vamos conversar - Vamos conversar - Vamos conversar - Vamos conversar -&nbsp;<\/h3>\t\t<\/div>\n\t\t\t\t<\/div>\n\t\t\t\t<\/div>\n\t\t\t\t<div class=\"elementor-element elementor-element-ea088bb elementor-widget elementor-widget-spacer\" data-id=\"ea088bb\" data-element_type=\"widget\" data-widget_type=\"spacer.default\">\n\t\t\t\t<div class=\"elementor-widget-container\">\n\t\t\t\t\t<div class=\"elementor-spacer\">\n\t\t\t<div class=\"elementor-spacer-inner\"><\/div>\n\t\t<\/div>\n\t\t\t\t<\/div>\n\t\t\t\t<\/div>\n\t\t\t\t<\/a>\n\t\t\t\t<\/div>","protected":false},"excerpt":{"rendered":"<p>Our dedicated team is always available to collaborate closely, respond promptly and deliver tailored solutions aligned with our clients&#8217; vision, needs and challenges. Whatever your goal is, let\u2019s Blume the future! Branding fit to screen Location Based in Lisbon. Working worldwide. Email hello@blumestudio.pt Phone +351 912 431 833 Branding fit to screen Let&#8217;s Talk&nbsp;&nbsp;&#8211;&nbsp;Let&#8217;s Talk&nbsp;&nbsp;&#8211;&nbsp;Let&#8217;s [&hellip;]<\/p>","protected":false},"author":2,"featured_media":0,"parent":0,"menu_order":0,"comment_status":"closed","ping_status":"closed","template":"","meta":{"footnotes":""},"class_list":["post-333","page","type-page","status-publish","hentry"],"acf":[],"_links":{"self":[{"href":"https:\/\/blumestudio.pt\/pt\/wp-json\/wp\/v2\/pages\/333","targetHints":{"allow":["GET"]}}],"collection":[{"href":"https:\/\/blumestudio.pt\/pt\/wp-json\/wp\/v2\/pages"}],"about":[{"href":"https:\/\/blumestudio.pt\/pt\/wp-json\/wp\/v2\/types\/page"}],"author":[{"embeddable":true,"href":"https:\/\/blumestudio.pt\/pt\/wp-json\/wp\/v2\/users\/2"}],"replies":[{"embeddable":true,"href":"https:\/\/blumestudio.pt\/pt\/wp-json\/wp\/v2\/comments?post=333"}],"version-history":[{"count":106,"href":"https:\/\/blumestudio.pt\/pt\/wp-json\/wp\/v2\/pages\/333\/revisions"}],"predecessor-version":[{"id":1307,"href":"https:\/\/blumestudio.pt\/pt\/wp-json\/wp\/v2\/pages\/333\/revisions\/1307"}],"wp:attachment":[{"href":"https:\/\/blumestudio.pt\/pt\/wp-json\/wp\/v2\/media?parent=333"}],"curies":[{"name":"wp","href":"https:\/\/api.w.org\/{rel}","templated":true}]}}