{"id":320,"date":"2024-10-23T14:16:04","date_gmt":"2024-10-23T14:16:04","guid":{"rendered":"https:\/\/blumestudio.pt\/?page_id=320"},"modified":"2025-01-21T22:30:32","modified_gmt":"2025-01-21T22:30:32","slug":"real-estate-marketing","status":"publish","type":"page","link":"https:\/\/blumestudio.pt\/pt\/real-estate-marketing\/","title":{"rendered":"Real Estate Marketing"},"content":{"rendered":"<div data-elementor-type=\"wp-page\" data-elementor-id=\"320\" class=\"elementor elementor-320\" data-elementor-post-type=\"page\">\n\t\t\t\t<div class=\"elementor-element elementor-element-f0ab444 e-con-full e-flex e-con e-parent\" data-id=\"f0ab444\" data-element_type=\"container\">\n\t\t\t\t<div class=\"elementor-element elementor-element-6280fce elementor-hidden-mobile elementor-widget elementor-widget-spacer\" data-id=\"6280fce\" data-element_type=\"widget\" data-widget_type=\"spacer.default\">\n\t\t\t\t<div class=\"elementor-widget-container\">\n\t\t\t\t\t<div class=\"elementor-spacer\">\n\t\t\t<div class=\"elementor-spacer-inner\"><\/div>\n\t\t<\/div>\n\t\t\t\t<\/div>\n\t\t\t\t<\/div>\n\t\t\t\t<\/div>\n\t\t<div class=\"elementor-element elementor-element-9ac4ec1 e-con-full e-flex e-con e-parent\" data-id=\"9ac4ec1\" data-element_type=\"container\">\n\t\t<div class=\"elementor-element elementor-element-e06f02a e-con-full e-flex e-con e-child\" data-id=\"e06f02a\" data-element_type=\"container\">\n\t\t<div class=\"elementor-element elementor-element-b321e8f e-con-full e-flex e-con e-child\" data-id=\"b321e8f\" data-element_type=\"container\">\n\t\t<div class=\"elementor-element elementor-element-9124489 e-con-full e-flex e-con e-child\" data-id=\"9124489\" data-element_type=\"container\">\n\t\t\t\t<div class=\"elementor-element elementor-element-96e98ae elementor-widget elementor-widget-heading\" data-id=\"96e98ae\" data-element_type=\"widget\" data-widget_type=\"heading.default\">\n\t\t\t\t<div class=\"elementor-widget-container\">\n\t\t\t<h1 class=\"elementor-heading-title elementor-size-default\">Real Estate Marketing<\/h1>\t\t<\/div>\n\t\t\t\t<\/div>\n\t\t\t\t<div class=\"elementor-element elementor-element-f62c07d elementor-widget elementor-widget-heading\" data-id=\"f62c07d\" data-element_type=\"widget\" data-widget_type=\"heading.default\">\n\t\t\t\t<div class=\"elementor-widget-container\">\n\t\t\t<h2 class=\"elementor-heading-title elementor-size-default\">Somos reconhecidos pelo desenvolvimento de projectos de Real Estate de sucesso - elegantes, completos e eficazes - e ap\u00f3s v\u00e1rios an\u00f3s de experi\u00eancia consideramos o Real Estate Marketing como a nossa \u00e1rea de especializa\u00e7\u00e3o.<\/h2>\t\t<\/div>\n\t\t\t\t<\/div>\n\t\t\t\t<\/div>\n\t\t<div class=\"elementor-element elementor-element-fb22715 e-con-full elementor-hidden-mobile e-flex e-con e-child\" data-id=\"fb22715\" data-element_type=\"container\">\n\t\t\t\t<div class=\"elementor-element elementor-element-4ed1b31 elementor-widget elementor-widget-image\" data-id=\"4ed1b31\" data-element_type=\"widget\" data-widget_type=\"image.default\">\n\t\t\t\t<div class=\"elementor-widget-container\">\n\t\t\t\t\t\t\t\t\t\t\t\t\t<img decoding=\"async\" width=\"1\" height=\"1\" src=\"https:\/\/blumestudio.pt\/wp-content\/uploads\/2024\/10\/carimbo-blume.svg\" class=\"attachment-thumbnail size-thumbnail wp-image-296\" alt=\"\" \/>\t\t\t\t\t\t\t\t\t\t\t\t\t<\/div>\n\t\t\t\t<\/div>\n\t\t\t\t<\/div>\n\t\t\t\t<\/div>\n\t\t\t\t<\/div>\n\t\t<div class=\"elementor-element elementor-element-2f1095a e-con-full e-flex e-con e-child\" data-id=\"2f1095a\" data-element_type=\"container\">\n\t\t<div class=\"elementor-element elementor-element-c0d3f0e e-con-full e-flex e-con e-child\" data-id=\"c0d3f0e\" data-element_type=\"container\">\n\t\t\t\t<div class=\"elementor-element elementor-element-f82405f elementor-widget elementor-widget-heading\" data-id=\"f82405f\" data-element_type=\"widget\" data-widget_type=\"heading.default\">\n\t\t\t\t<div class=\"elementor-widget-container\">\n\t\t\t<h3 class=\"elementor-heading-title elementor-size-default\">Naming<\/h3>\t\t<\/div>\n\t\t\t\t<\/div>\n\t\t\t\t<div class=\"elementor-element elementor-element-0bb03a6 elementor-widget elementor-widget-heading\" data-id=\"0bb03a6\" data-element_type=\"widget\" data-widget_type=\"heading.default\">\n\t\t\t\t<div class=\"elementor-widget-container\">\n\t\t\t<h3 class=\"elementor-heading-title elementor-size-default\">Criamos um nome memor\u00e1vel e \u00fanico, alinhado com a ess\u00eancia do projecto, arquitectura e localiza\u00e7\u00e3o. <\/h3>\t\t<\/div>\n\t\t\t\t<\/div>\n\t\t\t\t<\/div>\n\t\t<div class=\"elementor-element elementor-element-0df9510 e-con-full e-flex e-con e-child\" data-id=\"0df9510\" data-element_type=\"container\">\n\t\t\t\t<div class=\"elementor-element elementor-element-a8936a4 elementor-widget elementor-widget-heading\" data-id=\"a8936a4\" data-element_type=\"widget\" data-widget_type=\"heading.default\">\n\t\t\t\t<div class=\"elementor-widget-container\">\n\t\t\t<h3 class=\"elementor-heading-title elementor-size-default\">Estrat\u00e9gia de Marca<\/h3>\t\t<\/div>\n\t\t\t\t<\/div>\n\t\t\t\t<div class=\"elementor-element elementor-element-5063e1e elementor-widget elementor-widget-heading\" data-id=\"5063e1e\" data-element_type=\"widget\" data-widget_type=\"heading.default\">\n\t\t\t\t<div class=\"elementor-widget-container\">\n\t\t\t<h3 class=\"elementor-heading-title elementor-size-default\">Desenvolvemos uma estrat\u00e9gia de marca que posiciona o projecto no mercado, destacando-o da concorr\u00eancia.<\/h3>\t\t<\/div>\n\t\t\t\t<\/div>\n\t\t\t\t<\/div>\n\t\t<div class=\"elementor-element elementor-element-4a0c3e7 e-con-full e-flex e-con e-child\" data-id=\"4a0c3e7\" data-element_type=\"container\">\n\t\t\t\t<div class=\"elementor-element elementor-element-c211d35 elementor-widget elementor-widget-heading\" data-id=\"c211d35\" data-element_type=\"widget\" data-widget_type=\"heading.default\">\n\t\t\t\t<div class=\"elementor-widget-container\">\n\t\t\t<h3 class=\"elementor-heading-title elementor-size-default\">Identidade Visual<\/h3>\t\t<\/div>\n\t\t\t\t<\/div>\n\t\t\t\t<div class=\"elementor-element elementor-element-af07aa4 elementor-widget elementor-widget-heading\" data-id=\"af07aa4\" data-element_type=\"widget\" data-widget_type=\"heading.default\">\n\t\t\t\t<div class=\"elementor-widget-container\">\n\t\t\t<h3 class=\"elementor-heading-title elementor-size-default\">Desenvolvemos o log\u00f3tipo, s\u00edmbolo, tipografia e elementos visuais \u00fanicos, que reflectem a singularidade do empreendimento. <\/h3>\t\t<\/div>\n\t\t\t\t<\/div>\n\t\t\t\t<\/div>\n\t\t<div class=\"elementor-element elementor-element-26a7e16 e-con-full e-flex e-con e-child\" data-id=\"26a7e16\" data-element_type=\"container\">\n\t\t\t\t<div class=\"elementor-element elementor-element-45dff15 elementor-widget elementor-widget-heading\" data-id=\"45dff15\" data-element_type=\"widget\" data-widget_type=\"heading.default\">\n\t\t\t\t<div class=\"elementor-widget-container\">\n\t\t\t<h3 class=\"elementor-heading-title elementor-size-default\">Copywriting que converte (storytelling &amp; SEO)<\/h3>\t\t<\/div>\n\t\t\t\t<\/div>\n\t\t\t\t<div class=\"elementor-element elementor-element-eb77371 elementor-widget elementor-widget-heading\" data-id=\"eb77371\" data-element_type=\"widget\" data-widget_type=\"heading.default\">\n\t\t\t\t<div class=\"elementor-widget-container\">\n\t\t\t<h3 class=\"elementor-heading-title elementor-size-default\">Contamos a sua hist\u00f3ria atrav\u00e9s da escrita criativa optimizada para SEO.<\/h3>\t\t<\/div>\n\t\t\t\t<\/div>\n\t\t\t\t<\/div>\n\t\t<div class=\"elementor-element elementor-element-ab0414d e-con-full e-flex e-con e-child\" data-id=\"ab0414d\" data-element_type=\"container\">\n\t\t\t\t<div class=\"elementor-element elementor-element-c2722c8 elementor-widget elementor-widget-heading\" data-id=\"c2722c8\" data-element_type=\"widget\" data-widget_type=\"heading.default\">\n\t\t\t\t<div class=\"elementor-widget-container\">\n\t\t\t<h3 class=\"elementor-heading-title elementor-size-default\">Brochura<\/h3>\t\t<\/div>\n\t\t\t\t<\/div>\n\t\t\t\t<div class=\"elementor-element elementor-element-3858c4a elementor-widget elementor-widget-heading\" data-id=\"3858c4a\" data-element_type=\"widget\" data-widget_type=\"heading.default\">\n\t\t\t\t<div class=\"elementor-widget-container\">\n\t\t\t<h3 class=\"elementor-heading-title elementor-size-default\">Criamos brochuras premium com design e layouts inovadores, focados na arquitectura e highlights do projeto.<\/h3>\t\t<\/div>\n\t\t\t\t<\/div>\n\t\t\t\t<\/div>\n\t\t<div class=\"elementor-element elementor-element-a7cdcd1 e-con-full e-flex e-con e-child\" data-id=\"a7cdcd1\" data-element_type=\"container\">\n\t\t\t\t<div class=\"elementor-element elementor-element-d5c9eec elementor-widget elementor-widget-heading\" data-id=\"d5c9eec\" data-element_type=\"widget\" data-widget_type=\"heading.default\">\n\t\t\t\t<div class=\"elementor-widget-container\">\n\t\t\t<h3 class=\"elementor-heading-title elementor-size-default\">Plantas Comerciais<\/h3>\t\t<\/div>\n\t\t\t\t<\/div>\n\t\t\t\t<div class=\"elementor-element elementor-element-a52ef9a elementor-widget elementor-widget-heading\" data-id=\"a52ef9a\" data-element_type=\"widget\" data-widget_type=\"heading.default\">\n\t\t\t\t<div class=\"elementor-widget-container\">\n\t\t\t<h3 class=\"elementor-heading-title elementor-size-default\">Entregamos plantas detalhadas e realistas em formato vectorial, evidenciando com precis\u00e3o os interiores dos apartamentos.<\/h3>\t\t<\/div>\n\t\t\t\t<\/div>\n\t\t\t\t<\/div>\n\t\t<div class=\"elementor-element elementor-element-1700c72 e-con-full e-flex e-con e-child\" data-id=\"1700c72\" data-element_type=\"container\">\n\t\t\t\t<div class=\"elementor-element elementor-element-e847dfb elementor-widget elementor-widget-heading\" data-id=\"e847dfb\" data-element_type=\"widget\" data-widget_type=\"heading.default\">\n\t\t\t\t<div class=\"elementor-widget-container\">\n\t\t\t<h3 class=\"elementor-heading-title elementor-size-default\">Lista de Acabamentos<\/h3>\t\t<\/div>\n\t\t\t\t<\/div>\n\t\t\t\t<div class=\"elementor-element elementor-element-6d51232 elementor-widget elementor-widget-heading\" data-id=\"6d51232\" data-element_type=\"widget\" data-widget_type=\"heading.default\">\n\t\t\t\t<div class=\"elementor-widget-container\">\n\t\t\t<h3 class=\"elementor-heading-title elementor-size-default\">Desenvolvemos um booklet digital com todos os materiais, acabamentos e equipamentos.<\/h3>\t\t<\/div>\n\t\t\t\t<\/div>\n\t\t\t\t<\/div>\n\t\t<div class=\"elementor-element elementor-element-1461caa e-con-full e-flex e-con e-child\" data-id=\"1461caa\" data-element_type=\"container\">\n\t\t\t\t<div class=\"elementor-element elementor-element-acd8ad2 elementor-widget elementor-widget-heading\" data-id=\"acd8ad2\" data-element_type=\"widget\" data-widget_type=\"heading.default\">\n\t\t\t\t<div class=\"elementor-widget-container\">\n\t\t\t<h3 class=\"elementor-heading-title elementor-size-default\">Website<\/h3>\t\t<\/div>\n\t\t\t\t<\/div>\n\t\t\t\t<div class=\"elementor-element elementor-element-4d3d61e elementor-widget elementor-widget-heading\" data-id=\"4d3d61e\" data-element_type=\"widget\" data-widget_type=\"heading.default\">\n\t\t\t\t<div class=\"elementor-widget-container\">\n\t\t\t<h3 class=\"elementor-heading-title elementor-size-default\">Desenhamos um website 100% responsivo e personalizado, com funcionalidades interactivas para os apartamentos e imagens de alta qualidade da envolv\u00eancia.<\/h3>\t\t<\/div>\n\t\t\t\t<\/div>\n\t\t\t\t<\/div>\n\t\t<div class=\"elementor-element elementor-element-3cb77d3 e-con-full e-flex e-con e-child\" data-id=\"3cb77d3\" data-element_type=\"container\">\n\t\t\t\t<div class=\"elementor-element elementor-element-e2a11e6 elementor-widget elementor-widget-heading\" data-id=\"e2a11e6\" data-element_type=\"widget\" data-widget_type=\"heading.default\">\n\t\t\t\t<div class=\"elementor-widget-container\">\n\t\t\t<h3 class=\"elementor-heading-title elementor-size-default\">Billboards \/ Outdoors \/ Tapumes<\/h3>\t\t<\/div>\n\t\t\t\t<\/div>\n\t\t\t\t<div class=\"elementor-element elementor-element-4d66e59 elementor-widget elementor-widget-heading\" data-id=\"4d66e59\" data-element_type=\"widget\" data-widget_type=\"heading.default\">\n\t\t\t\t<div class=\"elementor-widget-container\">\n\t\t\t<h3 class=\"elementor-heading-title elementor-size-default\">Criamos pe\u00e7as publicit\u00e1rias estrategicamente pensadas para promover o projecto, gerar brand awareness e atrair clientes.<\/h3>\t\t<\/div>\n\t\t\t\t<\/div>\n\t\t\t\t<\/div>\n\t\t<div class=\"elementor-element elementor-element-994d560 e-con-full e-flex e-con e-child\" data-id=\"994d560\" data-element_type=\"container\">\n\t\t\t\t<div class=\"elementor-element elementor-element-906e2bb elementor-widget elementor-widget-heading\" data-id=\"906e2bb\" data-element_type=\"widget\" data-widget_type=\"heading.default\">\n\t\t\t\t<div class=\"elementor-widget-container\">\n\t\t\t<h3 class=\"elementor-heading-title elementor-size-default\">Imagens 3D<\/h3>\t\t<\/div>\n\t\t\t\t<\/div>\n\t\t\t\t<div class=\"elementor-element elementor-element-d6d5dbb elementor-widget elementor-widget-heading\" data-id=\"d6d5dbb\" data-element_type=\"widget\" data-widget_type=\"heading.default\">\n\t\t\t\t<div class=\"elementor-widget-container\">\n\t\t\t<h3 class=\"elementor-heading-title elementor-size-default\">Apostamos em imagens 3D ultra-realistas que d\u00e3o vida \u00e0 arquitetura e d\u00e3o vida ao projecto.<\/h3>\t\t<\/div>\n\t\t\t\t<\/div>\n\t\t\t\t<\/div>\n\t\t<div class=\"elementor-element elementor-element-0183ed5 e-con-full e-flex e-con e-child\" data-id=\"0183ed5\" data-element_type=\"container\">\n\t\t\t\t<div class=\"elementor-element elementor-element-cb28c76 elementor-widget elementor-widget-heading\" data-id=\"cb28c76\" data-element_type=\"widget\" data-widget_type=\"heading.default\">\n\t\t\t\t<div class=\"elementor-widget-container\">\n\t\t\t<h3 class=\"elementor-heading-title elementor-size-default\">Fotografia<\/h3>\t\t<\/div>\n\t\t\t\t<\/div>\n\t\t\t\t<div class=\"elementor-element elementor-element-321b77f elementor-widget elementor-widget-heading\" data-id=\"321b77f\" data-element_type=\"widget\" data-widget_type=\"heading.default\">\n\t\t\t\t<div class=\"elementor-widget-container\">\n\t\t\t<h3 class=\"elementor-heading-title elementor-size-default\">Integramos fotografia com direc\u00e7\u00e3o art\u00edstica para a localiza\u00e7\u00e3o e o seu lifestyle.<\/h3>\t\t<\/div>\n\t\t\t\t<\/div>\n\t\t\t\t<\/div>\n\t\t<div class=\"elementor-element elementor-element-72c595f e-con-full e-flex e-con e-child\" data-id=\"72c595f\" data-element_type=\"container\">\n\t\t\t\t<div class=\"elementor-element elementor-element-c47b541 elementor-widget elementor-widget-heading\" data-id=\"c47b541\" data-element_type=\"widget\" data-widget_type=\"heading.default\">\n\t\t\t\t<div class=\"elementor-widget-container\">\n\t\t\t<h3 class=\"elementor-heading-title elementor-size-default\">V\u00eddeos Promocionais<\/h3>\t\t<\/div>\n\t\t\t\t<\/div>\n\t\t\t\t<div class=\"elementor-element elementor-element-3d93531 elementor-widget elementor-widget-heading\" data-id=\"3d93531\" data-element_type=\"widget\" data-widget_type=\"heading.default\">\n\t\t\t\t<div class=\"elementor-widget-container\">\n\t\t\t<h3 class=\"elementor-heading-title elementor-size-default\">Produzimos v\u00eddeos promocionais em Full HD para campanhas, feiras e redes sociais, envolvendo o p\u00fablico-alvo numa narrativa visual e din\u00e2mica.<\/h3>\t\t<\/div>\n\t\t\t\t<\/div>\n\t\t\t\t<\/div>\n\t\t<div class=\"elementor-element elementor-element-326863e e-con-full e-flex e-con e-child\" data-id=\"326863e\" data-element_type=\"container\">\n\t\t\t\t<div class=\"elementor-element elementor-element-0ea4a78 elementor-widget elementor-widget-heading\" data-id=\"0ea4a78\" data-element_type=\"widget\" data-widget_type=\"heading.default\">\n\t\t\t\t<div class=\"elementor-widget-container\">\n\t\t\t<h3 class=\"elementor-heading-title elementor-size-default\">Print high-end<\/h3>\t\t<\/div>\n\t\t\t\t<\/div>\n\t\t\t\t<div class=\"elementor-element elementor-element-9dc77d4 elementor-widget elementor-widget-heading\" data-id=\"9dc77d4\" data-element_type=\"widget\" data-widget_type=\"heading.default\">\n\t\t\t\t<div class=\"elementor-widget-container\">\n\t\t\t<h3 class=\"elementor-heading-title elementor-size-default\">Imprimimos brochuras e outras pe\u00e7as de comunica\u00e7\u00e3o com acabamentos premium, garantindo um impacto duradouro.<\/h3>\t\t<\/div>\n\t\t\t\t<\/div>\n\t\t\t\t<\/div>\n\t\t<div class=\"elementor-element elementor-element-2fbe7fe e-con-full e-flex e-con e-child\" data-id=\"2fbe7fe\" data-element_type=\"container\">\n\t\t\t\t<div class=\"elementor-element elementor-element-bf4341a elementor-widget elementor-widget-heading\" data-id=\"bf4341a\" data-element_type=\"widget\" data-widget_type=\"heading.default\">\n\t\t\t\t<div class=\"elementor-widget-container\">\n\t\t\t<h3 class=\"elementor-heading-title elementor-size-default\">Showroom<\/h3>\t\t<\/div>\n\t\t\t\t<\/div>\n\t\t\t\t<div class=\"elementor-element elementor-element-efbd7ef elementor-widget elementor-widget-heading\" data-id=\"efbd7ef\" data-element_type=\"widget\" data-widget_type=\"heading.default\">\n\t\t\t\t<div class=\"elementor-widget-container\">\n\t\t\t<h3 class=\"elementor-heading-title elementor-size-default\">Projectamos uma experi\u00eancia de marca integrada, destacando e promovendo o projecto em showrooms e feiras de forma imersiva e impactante.<\/h3>\t\t<\/div>\n\t\t\t\t<\/div>\n\t\t\t\t<\/div>\n\t\t\t\t<\/div>\n\t\t<div class=\"elementor-element elementor-element-9aaef08 e-con-full elementor-hidden-desktop elementor-hidden-tablet e-flex e-con e-child\" data-id=\"9aaef08\" data-element_type=\"container\">\n\t\t\t\t<div class=\"elementor-element elementor-element-847df0e elementor-widget elementor-widget-image\" data-id=\"847df0e\" data-element_type=\"widget\" id=\"blumecirclelogo\" data-widget_type=\"image.default\">\n\t\t\t\t<div class=\"elementor-widget-container\">\n\t\t\t\t\t\t\t\t\t\t\t\t\t<img decoding=\"async\" width=\"1\" height=\"1\" src=\"https:\/\/blumestudio.pt\/wp-content\/uploads\/2024\/10\/carimbo-blume.svg\" class=\"attachment-thumbnail size-thumbnail wp-image-296\" alt=\"\" \/>\t\t\t\t\t\t\t\t\t\t\t\t\t<\/div>\n\t\t\t\t<\/div>\n\t\t\t\t<\/div>\n\t\t\t\t<\/div>\n\t\t<div class=\"elementor-element elementor-element-d92cda1 e-con-full elementor-hidden-mobile e-flex e-con e-parent\" data-id=\"d92cda1\" data-element_type=\"container\">\n\t\t\t\t<\/div>\n\t\t<div class=\"elementor-element elementor-element-e17748d e-con-full e-flex e-con e-parent\" data-id=\"e17748d\" data-element_type=\"container\">\n\t\t\t\t<div class=\"elementor-element elementor-element-ee4e056 elementor-widget elementor-widget-image\" data-id=\"ee4e056\" data-element_type=\"widget\" data-widget_type=\"image.default\">\n\t\t\t\t<div class=\"elementor-widget-container\">\n\t\t\t\t\t\t\t\t\t\t\t\t\t<img fetchpriority=\"high\" decoding=\"async\" width=\"1920\" height=\"1080\" src=\"https:\/\/blumestudio.pt\/wp-content\/uploads\/2024\/10\/realestate-1920.jpg\" class=\"attachment-full size-full wp-image-772\" alt=\"\" srcset=\"https:\/\/blumestudio.pt\/wp-content\/uploads\/2024\/10\/realestate-1920.jpg 1920w, https:\/\/blumestudio.pt\/wp-content\/uploads\/2024\/10\/realestate-1920-300x169.jpg 300w, https:\/\/blumestudio.pt\/wp-content\/uploads\/2024\/10\/realestate-1920-1024x576.jpg 1024w, https:\/\/blumestudio.pt\/wp-content\/uploads\/2024\/10\/realestate-1920-768x432.jpg 768w, https:\/\/blumestudio.pt\/wp-content\/uploads\/2024\/10\/realestate-1920-1536x864.jpg 1536w\" sizes=\"(max-width: 1920px) 100vw, 1920px\" \/>\t\t\t\t\t\t\t\t\t\t\t\t\t<\/div>\n\t\t\t\t<\/div>\n\t\t\t\t<\/div>\n\t\t<div class=\"elementor-element elementor-element-2c0893e e-con-full e-flex e-con e-parent\" data-id=\"2c0893e\" data-element_type=\"container\">\n\t\t\t\t<div class=\"elementor-element elementor-element-d60fe93 elementor-widget elementor-widget-spacer\" data-id=\"d60fe93\" data-element_type=\"widget\" data-widget_type=\"spacer.default\">\n\t\t\t\t<div class=\"elementor-widget-container\">\n\t\t\t\t\t<div class=\"elementor-spacer\">\n\t\t\t<div class=\"elementor-spacer-inner\"><\/div>\n\t\t<\/div>\n\t\t\t\t<\/div>\n\t\t\t\t<\/div>\n\t\t\t\t<\/div>\n\t\t<div class=\"elementor-element elementor-element-4dbee7e e-con-full e-flex e-con e-parent\" data-id=\"4dbee7e\" data-element_type=\"container\" data-settings=\"{&quot;background_background&quot;:&quot;classic&quot;}\">\n\t\t<div class=\"elementor-element elementor-element-6154abd e-con-full elementor-hidden-mobile e-flex e-con e-child\" data-id=\"6154abd\" data-element_type=\"container\">\n\t\t\t\t<\/div>\n\t\t<div class=\"elementor-element elementor-element-75356ab e-con-full e-flex e-con e-child\" data-id=\"75356ab\" data-element_type=\"container\">\n\t\t\t\t<div class=\"elementor-element elementor-element-a58d0f0 elementor-widget elementor-widget-spacer\" data-id=\"a58d0f0\" data-element_type=\"widget\" data-widget_type=\"spacer.default\">\n\t\t\t\t<div class=\"elementor-widget-container\">\n\t\t\t\t\t<div class=\"elementor-spacer\">\n\t\t\t<div class=\"elementor-spacer-inner\"><\/div>\n\t\t<\/div>\n\t\t\t\t<\/div>\n\t\t\t\t<\/div>\n\t\t\t\t<div class=\"elementor-element elementor-element-d0efe55 elementor-widget elementor-widget-heading\" data-id=\"d0efe55\" data-element_type=\"widget\" data-widget_type=\"heading.default\">\n\t\t\t\t<div class=\"elementor-widget-container\">\n\t\t\t<h3 class=\"elementor-heading-title elementor-size-default\">Solicite a sua sess\u00e3o <br> de brainstorming gratuita!<\/h3>\t\t<\/div>\n\t\t\t\t<\/div>\n\t\t\t\t<div class=\"elementor-element elementor-element-e5166a9 elementor-widget elementor-widget-heading\" data-id=\"e5166a9\" data-element_type=\"widget\" data-widget_type=\"heading.default\">\n\t\t\t\t<div class=\"elementor-widget-container\">\n\t\t\t<h3 class=\"elementor-heading-title elementor-size-default\">Desenvolvemos projectos 360\u00ba personalizados, que transformam cada empreendimento numa marca de refer\u00eancia no sector imobili\u00e1rio. <\/h3>\t\t<\/div>\n\t\t\t\t<\/div>\n\t\t\t\t<div class=\"elementor-element elementor-element-c0e49f1 button-underline elementor-align-center elementor-widget elementor-widget-button\" data-id=\"c0e49f1\" data-element_type=\"widget\" data-widget_type=\"button.default\">\n\t\t\t\t<div class=\"elementor-widget-container\">\n\t\t\t\t\t<div class=\"elementor-button-wrapper\">\n\t\t\t<a class=\"elementor-button elementor-button-link elementor-size-sm\" href=\"#elementor-action%3Aaction%3Dpopup%3Aopen%26settings%3DeyJpZCI6IjI0NyIsInRvZ2dsZSI6ZmFsc2V9\">\n\t\t\t\t\t\t<span class=\"elementor-button-content-wrapper\">\n\t\t\t\t\t\t\t\t\t<span class=\"elementor-button-text\">Marque aqui a sua call<\/span>\n\t\t\t\t\t<\/span>\n\t\t\t\t\t<\/a>\n\t\t<\/div>\n\t\t\t\t<\/div>\n\t\t\t\t<\/div>\n\t\t\t\t<div class=\"elementor-element elementor-element-260846d elementor-widget elementor-widget-spacer\" data-id=\"260846d\" data-element_type=\"widget\" data-widget_type=\"spacer.default\">\n\t\t\t\t<div class=\"elementor-widget-container\">\n\t\t\t\t\t<div class=\"elementor-spacer\">\n\t\t\t<div class=\"elementor-spacer-inner\"><\/div>\n\t\t<\/div>\n\t\t\t\t<\/div>\n\t\t\t\t<\/div>\n\t\t\t\t<\/div>\n\t\t<div class=\"elementor-element elementor-element-59ca469 e-con-full elementor-hidden-mobile e-flex e-con e-child\" data-id=\"59ca469\" data-element_type=\"container\">\n\t\t\t\t<\/div>\n\t\t\t\t<\/div>\n\t\t<div class=\"elementor-element elementor-element-650e795 e-con-full e-flex e-con e-parent\" data-id=\"650e795\" data-element_type=\"container\">\n\t\t\t\t<div class=\"elementor-element elementor-element-489082f elementor-widget elementor-widget-html\" data-id=\"489082f\" data-element_type=\"widget\" data-widget_type=\"html.default\">\n\t\t\t\t<div class=\"elementor-widget-container\">\n\t\t\t<script>\r\nfunction Marquee(selector, speed) {\r\n  const parent = document.querySelector(selector);\r\n  const clone = parent.innerHTML;\r\n  let i = 0;\r\n  parent.innerHTML += clone;\r\n\r\n  setInterval(() => {\r\n    i += speed;\r\n    if (i >= parent.children[0].clientWidth) i = 0;\r\n    parent.children[0].style.marginLeft = `-${i}px`;\r\n  }, 0);\r\n}\r\n\r\nwindow.addEventListener('load', () => Marquee('.marquee', .5));\r\n<\/script>\t\t<\/div>\n\t\t\t\t<\/div>\n\t\t\t\t<div class=\"elementor-element elementor-element-f87529b elementor-widget elementor-widget-spacer\" data-id=\"f87529b\" data-element_type=\"widget\" data-widget_type=\"spacer.default\">\n\t\t\t\t<div class=\"elementor-widget-container\">\n\t\t\t\t\t<div class=\"elementor-spacer\">\n\t\t\t<div class=\"elementor-spacer-inner\"><\/div>\n\t\t<\/div>\n\t\t\t\t<\/div>\n\t\t\t\t<\/div>\n\t\t<div class=\"elementor-element elementor-element-c8e9e75 e-con-full e-flex e-con e-child\" data-id=\"c8e9e75\" data-element_type=\"container\">\n\t\t\t\t<div class=\"elementor-element elementor-element-24fb896 marquee elementor-widget elementor-widget-heading\" data-id=\"24fb896\" data-element_type=\"widget\" data-widget_type=\"heading.default\">\n\t\t\t\t<div class=\"elementor-widget-container\">\n\t\t\t<h3 class=\"elementor-heading-title elementor-size-default\"><a href=\"https:\/\/blumestudio.pt\/pt\/branding\/\">Branding&nbsp;-&nbsp;Branding&nbsp;-&nbsp;Branding&nbsp;-&nbsp;Branding&nbsp;-&nbsp;Branding&nbsp;-&nbsp;Branding&nbsp;-&nbsp;<\/a><\/h3>\t\t<\/div>\n\t\t\t\t<\/div>\n\t\t\t\t<div class=\"elementor-element elementor-element-8b6cbae elementor-widget elementor-widget-spacer\" data-id=\"8b6cbae\" data-element_type=\"widget\" data-widget_type=\"spacer.default\">\n\t\t\t\t<div class=\"elementor-widget-container\">\n\t\t\t\t\t<div class=\"elementor-spacer\">\n\t\t\t<div class=\"elementor-spacer-inner\"><\/div>\n\t\t<\/div>\n\t\t\t\t<\/div>\n\t\t\t\t<\/div>\n\t\t\t\t<\/div>\n\t\t\t\t<\/div>\n\t\t\t\t<\/div>","protected":false},"excerpt":{"rendered":"<p>Real Estate Marketing We&#8217;ve earned a reputation for delivering effective and elegant property brand designs, and after many years of experience, we confidently consider Real Estate Marketing our area of expertise. Brand Name Craft a memorable and meaningful name that resonates with your project or location. Brand Strategy Develop a strategic brand roadmap to position [&hellip;]<\/p>","protected":false},"author":2,"featured_media":0,"parent":0,"menu_order":0,"comment_status":"closed","ping_status":"closed","template":"","meta":{"footnotes":""},"class_list":["post-320","page","type-page","status-publish","hentry"],"acf":[],"_links":{"self":[{"href":"https:\/\/blumestudio.pt\/pt\/wp-json\/wp\/v2\/pages\/320","targetHints":{"allow":["GET"]}}],"collection":[{"href":"https:\/\/blumestudio.pt\/pt\/wp-json\/wp\/v2\/pages"}],"about":[{"href":"https:\/\/blumestudio.pt\/pt\/wp-json\/wp\/v2\/types\/page"}],"author":[{"embeddable":true,"href":"https:\/\/blumestudio.pt\/pt\/wp-json\/wp\/v2\/users\/2"}],"replies":[{"embeddable":true,"href":"https:\/\/blumestudio.pt\/pt\/wp-json\/wp\/v2\/comments?post=320"}],"version-history":[{"count":54,"href":"https:\/\/blumestudio.pt\/pt\/wp-json\/wp\/v2\/pages\/320\/revisions"}],"predecessor-version":[{"id":1503,"href":"https:\/\/blumestudio.pt\/pt\/wp-json\/wp\/v2\/pages\/320\/revisions\/1503"}],"wp:attachment":[{"href":"https:\/\/blumestudio.pt\/pt\/wp-json\/wp\/v2\/media?parent=320"}],"curies":[{"name":"wp","href":"https:\/\/api.w.org\/{rel}","templated":true}]}}