{"id":312,"date":"2024-10-23T16:06:27","date_gmt":"2024-10-23T16:06:27","guid":{"rendered":"https:\/\/blumestudio.pt\/?page_id=312"},"modified":"2025-01-21T22:31:28","modified_gmt":"2025-01-21T22:31:28","slug":"websites","status":"publish","type":"page","link":"https:\/\/blumestudio.pt\/pt\/websites\/","title":{"rendered":"Web Design e Desenvolvimento"},"content":{"rendered":"<div data-elementor-type=\"wp-page\" data-elementor-id=\"312\" class=\"elementor elementor-312\" data-elementor-post-type=\"page\">\n\t\t\t\t<div class=\"elementor-element elementor-element-f0ab444 e-flex e-con-boxed e-con e-parent\" data-id=\"f0ab444\" data-element_type=\"container\">\n\t\t\t\t\t<div class=\"e-con-inner\">\n\t\t\t\t<div class=\"elementor-element elementor-element-6280fce elementor-hidden-mobile elementor-widget elementor-widget-spacer\" data-id=\"6280fce\" data-element_type=\"widget\" data-widget_type=\"spacer.default\">\n\t\t\t\t<div class=\"elementor-widget-container\">\n\t\t\t\t\t<div class=\"elementor-spacer\">\n\t\t\t<div class=\"elementor-spacer-inner\"><\/div>\n\t\t<\/div>\n\t\t\t\t<\/div>\n\t\t\t\t<\/div>\n\t\t\t\t\t<\/div>\n\t\t\t\t<\/div>\n\t\t<div class=\"elementor-element elementor-element-9ac4ec1 e-con-full e-flex e-con e-parent\" data-id=\"9ac4ec1\" data-element_type=\"container\">\n\t\t<div class=\"elementor-element elementor-element-e06f02a e-con-full e-flex e-con e-child\" data-id=\"e06f02a\" data-element_type=\"container\">\n\t\t<div class=\"elementor-element elementor-element-b321e8f e-con-full e-flex e-con e-child\" data-id=\"b321e8f\" data-element_type=\"container\">\n\t\t<div class=\"elementor-element elementor-element-9124489 e-con-full e-flex e-con e-child\" data-id=\"9124489\" data-element_type=\"container\">\n\t\t\t\t<div class=\"elementor-element elementor-element-96e98ae elementor-widget elementor-widget-heading\" data-id=\"96e98ae\" data-element_type=\"widget\" data-widget_type=\"heading.default\">\n\t\t\t\t<div class=\"elementor-widget-container\">\n\t\t\t<h1 class=\"elementor-heading-title elementor-size-default\">Web Design e Desenvolvimento<\/h1>\t\t<\/div>\n\t\t\t\t<\/div>\n\t\t\t\t<div class=\"elementor-element elementor-element-f62c07d elementor-widget elementor-widget-heading\" data-id=\"f62c07d\" data-element_type=\"widget\" data-widget_type=\"heading.default\">\n\t\t\t\t<div class=\"elementor-widget-container\">\n\t\t\t<h2 class=\"elementor-heading-title elementor-size-default\">Criamos websites apelativos e funcionais que comunicam a sua marca, produtos ou servi\u00e7os de forma simples e intuitiva.<\/h2>\t\t<\/div>\n\t\t\t\t<\/div>\n\t\t\t\t<\/div>\n\t\t<div class=\"elementor-element elementor-element-fb22715 e-con-full elementor-hidden-mobile e-flex e-con e-child\" data-id=\"fb22715\" data-element_type=\"container\">\n\t\t\t\t<div class=\"elementor-element elementor-element-4ed1b31 elementor-widget elementor-widget-image\" data-id=\"4ed1b31\" data-element_type=\"widget\" data-widget_type=\"image.default\">\n\t\t\t\t<div class=\"elementor-widget-container\">\n\t\t\t\t\t\t\t\t\t\t\t\t\t<img decoding=\"async\" width=\"1\" height=\"1\" src=\"https:\/\/blumestudio.pt\/wp-content\/uploads\/2024\/10\/carimbo-blume.svg\" class=\"attachment-thumbnail size-thumbnail wp-image-296\" alt=\"\" \/>\t\t\t\t\t\t\t\t\t\t\t\t\t<\/div>\n\t\t\t\t<\/div>\n\t\t\t\t<\/div>\n\t\t\t\t<\/div>\n\t\t\t\t<\/div>\n\t\t<div class=\"elementor-element elementor-element-2f1095a e-con-full e-flex e-con e-child\" data-id=\"2f1095a\" data-element_type=\"container\">\n\t\t<div class=\"elementor-element elementor-element-6b1eff3 e-con-full e-flex e-con e-child\" data-id=\"6b1eff3\" data-element_type=\"container\">\n\t\t\t\t<div class=\"elementor-element elementor-element-a3b08bc elementor-widget elementor-widget-heading\" data-id=\"a3b08bc\" data-element_type=\"widget\" data-widget_type=\"heading.default\">\n\t\t\t\t<div class=\"elementor-widget-container\">\n\t\t\t<h3 class=\"elementor-heading-title elementor-size-default\">Arquitectura de website<\/h3>\t\t<\/div>\n\t\t\t\t<\/div>\n\t\t\t\t<div class=\"elementor-element elementor-element-3a44d5e elementor-widget elementor-widget-heading\" data-id=\"3a44d5e\" data-element_type=\"widget\" data-widget_type=\"heading.default\">\n\t\t\t\t<div class=\"elementor-widget-container\">\n\t\t\t<h3 class=\"elementor-heading-title elementor-size-default\">Organizamos uma estrutura clara e intuitiva para proporcionar uma navega\u00e7\u00e3o f\u00e1cil ao utilizador.<\/h3>\t\t<\/div>\n\t\t\t\t<\/div>\n\t\t\t\t<\/div>\n\t\t<div class=\"elementor-element elementor-element-93480fa e-con-full e-flex e-con e-child\" data-id=\"93480fa\" data-element_type=\"container\">\n\t\t\t\t<div class=\"elementor-element elementor-element-3f7035a elementor-widget elementor-widget-heading\" data-id=\"3f7035a\" data-element_type=\"widget\" data-widget_type=\"heading.default\">\n\t\t\t\t<div class=\"elementor-widget-container\">\n\t\t\t<h3 class=\"elementor-heading-title elementor-size-default\">Design customizado<\/h3>\t\t<\/div>\n\t\t\t\t<\/div>\n\t\t\t\t<div class=\"elementor-element elementor-element-b179583 elementor-widget elementor-widget-heading\" data-id=\"b179583\" data-element_type=\"widget\" data-widget_type=\"heading.default\">\n\t\t\t\t<div class=\"elementor-widget-container\">\n\t\t\t<h3 class=\"elementor-heading-title elementor-size-default\">Desenvolvemos interfaces com um design \u00fanico, elegante e f\u00e1cil de usar.<\/h3>\t\t<\/div>\n\t\t\t\t<\/div>\n\t\t\t\t<\/div>\n\t\t<div class=\"elementor-element elementor-element-c384daa e-con-full e-flex e-con e-child\" data-id=\"c384daa\" data-element_type=\"container\">\n\t\t\t\t<div class=\"elementor-element elementor-element-3788b1a elementor-widget elementor-widget-heading\" data-id=\"3788b1a\" data-element_type=\"widget\" data-widget_type=\"heading.default\">\n\t\t\t\t<div class=\"elementor-widget-container\">\n\t\t\t<h3 class=\"elementor-heading-title elementor-size-default\">100% responsivo (Desktop &amp; Mobile)<\/h3>\t\t<\/div>\n\t\t\t\t<\/div>\n\t\t\t\t<div class=\"elementor-element elementor-element-c44e166 elementor-widget elementor-widget-heading\" data-id=\"c44e166\" data-element_type=\"widget\" data-widget_type=\"heading.default\">\n\t\t\t\t<div class=\"elementor-widget-container\">\n\t\t\t<h3 class=\"elementor-heading-title elementor-size-default\">Garantimos que o design seja totalmente responsivo para todos os tipos de ecr\u00e3.<\/h3>\t\t<\/div>\n\t\t\t\t<\/div>\n\t\t\t\t<\/div>\n\t\t<div class=\"elementor-element elementor-element-3d3d58b e-con-full e-flex e-con e-child\" data-id=\"3d3d58b\" data-element_type=\"container\">\n\t\t\t\t<div class=\"elementor-element elementor-element-6fc1c5e elementor-widget elementor-widget-heading\" data-id=\"6fc1c5e\" data-element_type=\"widget\" data-widget_type=\"heading.default\">\n\t\t\t\t<div class=\"elementor-widget-container\">\n\t\t\t<h3 class=\"elementor-heading-title elementor-size-default\">Experi\u00eancia do Utilizador<\/h3>\t\t<\/div>\n\t\t\t\t<\/div>\n\t\t\t\t<div class=\"elementor-element elementor-element-c8c66f3 elementor-widget elementor-widget-heading\" data-id=\"c8c66f3\" data-element_type=\"widget\" data-widget_type=\"heading.default\">\n\t\t\t\t<div class=\"elementor-widget-container\">\n\t\t\t<h3 class=\"elementor-heading-title elementor-size-default\">Testamos e validamos a usabilidade do website em diferentes dispositivos e resolu\u00e7\u00f5es. <\/h3>\t\t<\/div>\n\t\t\t\t<\/div>\n\t\t\t\t<\/div>\n\t\t<div class=\"elementor-element elementor-element-e10c81e e-con-full e-flex e-con e-child\" data-id=\"e10c81e\" data-element_type=\"container\">\n\t\t\t\t<div class=\"elementor-element elementor-element-ba5edd0 elementor-widget elementor-widget-heading\" data-id=\"ba5edd0\" data-element_type=\"widget\" data-widget_type=\"heading.default\">\n\t\t\t\t<div class=\"elementor-widget-container\">\n\t\t\t<h3 class=\"elementor-heading-title elementor-size-default\">Desenvolvimento Front-end &amp; Back-end<\/h3>\t\t<\/div>\n\t\t\t\t<\/div>\n\t\t\t\t<div class=\"elementor-element elementor-element-02c554b elementor-widget elementor-widget-heading\" data-id=\"02c554b\" data-element_type=\"widget\" data-widget_type=\"heading.default\">\n\t\t\t\t<div class=\"elementor-widget-container\">\n\t\t\t<h3 class=\"elementor-heading-title elementor-size-default\">Desenvolvemos e implementamos todos os componentes em front-end e back-end.<\/h3>\t\t<\/div>\n\t\t\t\t<\/div>\n\t\t\t\t<\/div>\n\t\t<div class=\"elementor-element elementor-element-c4c8e4d e-con-full e-flex e-con e-child\" data-id=\"c4c8e4d\" data-element_type=\"container\">\n\t\t\t\t<div class=\"elementor-element elementor-element-d8f0536 elementor-widget elementor-widget-heading\" data-id=\"d8f0536\" data-element_type=\"widget\" data-widget_type=\"heading.default\">\n\t\t\t\t<div class=\"elementor-widget-container\">\n\t\t\t<h3 class=\"elementor-heading-title elementor-size-default\">Suporte &amp; Manuten\u00e7\u00e3o<\/h3>\t\t<\/div>\n\t\t\t\t<\/div>\n\t\t\t\t<div class=\"elementor-element elementor-element-401630b elementor-widget elementor-widget-heading\" data-id=\"401630b\" data-element_type=\"widget\" data-widget_type=\"heading.default\">\n\t\t\t\t<div class=\"elementor-widget-container\">\n\t\t\t<h3 class=\"elementor-heading-title elementor-size-default\">Fornecemos suporte e manuten\u00e7\u00e3o cont\u00ednua para corre\u00e7\u00e3o de bugs e actualiza\u00e7\u00f5es.<\/h3>\t\t<\/div>\n\t\t\t\t<\/div>\n\t\t\t\t<\/div>\n\t\t<div class=\"elementor-element elementor-element-9b65970 e-con-full e-flex e-con e-child\" data-id=\"9b65970\" data-element_type=\"container\">\n\t\t\t\t<div class=\"elementor-element elementor-element-978238a elementor-widget elementor-widget-heading\" data-id=\"978238a\" data-element_type=\"widget\" data-widget_type=\"heading.default\">\n\t\t\t\t<div class=\"elementor-widget-container\">\n\t\t\t<h3 class=\"elementor-heading-title elementor-size-default\">Optimiza\u00e7\u00e3o SEO<\/h3>\t\t<\/div>\n\t\t\t\t<\/div>\n\t\t\t\t<div class=\"elementor-element elementor-element-9329753 elementor-widget elementor-widget-heading\" data-id=\"9329753\" data-element_type=\"widget\" data-widget_type=\"heading.default\">\n\t\t\t\t<div class=\"elementor-widget-container\">\n\t\t\t<h3 class=\"elementor-heading-title elementor-size-default\">Potenciamos o seu website com uma estrat\u00e9gia voltada para a optimiza\u00e7\u00e3o de imagens, meta descriptions e copywriting orientado para SEO de forma a melhorar a sua visibilidade nos motores de busca para gerar tr\u00e1fego e atrair mais visitantes.<\/h3>\t\t<\/div>\n\t\t\t\t<\/div>\n\t\t\t\t<\/div>\n\t\t\t\t<\/div>\n\t\t<div class=\"elementor-element elementor-element-e67e9d5 e-con-full elementor-hidden-desktop elementor-hidden-tablet e-flex e-con e-child\" data-id=\"e67e9d5\" data-element_type=\"container\">\n\t\t\t\t<div class=\"elementor-element elementor-element-bc23653 elementor-widget elementor-widget-image\" data-id=\"bc23653\" data-element_type=\"widget\" id=\"blumecirclelogo\" data-widget_type=\"image.default\">\n\t\t\t\t<div class=\"elementor-widget-container\">\n\t\t\t\t\t\t\t\t\t\t\t\t\t<img decoding=\"async\" width=\"1\" height=\"1\" src=\"https:\/\/blumestudio.pt\/wp-content\/uploads\/2024\/10\/carimbo-blume.svg\" class=\"attachment-thumbnail size-thumbnail wp-image-296\" alt=\"\" \/>\t\t\t\t\t\t\t\t\t\t\t\t\t<\/div>\n\t\t\t\t<\/div>\n\t\t\t\t<\/div>\n\t\t\t\t<\/div>\n\t\t<div class=\"elementor-element elementor-element-3a44af3 e-con-full elementor-hidden-mobile e-flex e-con e-parent\" data-id=\"3a44af3\" data-element_type=\"container\">\n\t\t\t\t<\/div>\n\t\t<div class=\"elementor-element elementor-element-e17748d e-con-full e-flex e-con e-parent\" data-id=\"e17748d\" data-element_type=\"container\">\n\t\t\t\t<div class=\"elementor-element elementor-element-ee4e056 elementor-widget elementor-widget-image\" data-id=\"ee4e056\" data-element_type=\"widget\" data-widget_type=\"image.default\">\n\t\t\t\t<div class=\"elementor-widget-container\">\n\t\t\t\t\t\t\t\t\t\t\t\t\t<img fetchpriority=\"high\" decoding=\"async\" width=\"1920\" height=\"1080\" src=\"https:\/\/blumestudio.pt\/wp-content\/uploads\/2024\/10\/website-bg-1920.jpg\" class=\"attachment-full size-full wp-image-313\" alt=\"\" srcset=\"https:\/\/blumestudio.pt\/wp-content\/uploads\/2024\/10\/website-bg-1920.jpg 1920w, https:\/\/blumestudio.pt\/wp-content\/uploads\/2024\/10\/website-bg-1920-300x169.jpg 300w, https:\/\/blumestudio.pt\/wp-content\/uploads\/2024\/10\/website-bg-1920-1024x576.jpg 1024w, https:\/\/blumestudio.pt\/wp-content\/uploads\/2024\/10\/website-bg-1920-768x432.jpg 768w, https:\/\/blumestudio.pt\/wp-content\/uploads\/2024\/10\/website-bg-1920-1536x864.jpg 1536w\" sizes=\"(max-width: 1920px) 100vw, 1920px\" \/>\t\t\t\t\t\t\t\t\t\t\t\t\t<\/div>\n\t\t\t\t<\/div>\n\t\t\t\t<\/div>\n\t\t<div class=\"elementor-element elementor-element-2c0893e e-con-full e-flex e-con e-parent\" data-id=\"2c0893e\" data-element_type=\"container\">\n\t\t\t\t<div class=\"elementor-element elementor-element-d60fe93 elementor-widget elementor-widget-spacer\" data-id=\"d60fe93\" data-element_type=\"widget\" data-widget_type=\"spacer.default\">\n\t\t\t\t<div class=\"elementor-widget-container\">\n\t\t\t\t\t<div class=\"elementor-spacer\">\n\t\t\t<div class=\"elementor-spacer-inner\"><\/div>\n\t\t<\/div>\n\t\t\t\t<\/div>\n\t\t\t\t<\/div>\n\t\t\t\t<\/div>\n\t\t<div class=\"elementor-element elementor-element-4dbee7e e-con-full e-flex e-con e-parent\" data-id=\"4dbee7e\" data-element_type=\"container\" data-settings=\"{&quot;background_background&quot;:&quot;classic&quot;}\">\n\t\t<div class=\"elementor-element elementor-element-6154abd e-con-full elementor-hidden-mobile e-flex e-con e-child\" data-id=\"6154abd\" data-element_type=\"container\">\n\t\t\t\t<\/div>\n\t\t<div class=\"elementor-element elementor-element-75356ab e-con-full e-flex e-con e-child\" data-id=\"75356ab\" data-element_type=\"container\">\n\t\t\t\t<div class=\"elementor-element elementor-element-a58d0f0 elementor-widget elementor-widget-spacer\" data-id=\"a58d0f0\" data-element_type=\"widget\" data-widget_type=\"spacer.default\">\n\t\t\t\t<div class=\"elementor-widget-container\">\n\t\t\t\t\t<div class=\"elementor-spacer\">\n\t\t\t<div class=\"elementor-spacer-inner\"><\/div>\n\t\t<\/div>\n\t\t\t\t<\/div>\n\t\t\t\t<\/div>\n\t\t\t\t<div class=\"elementor-element elementor-element-d0efe55 elementor-widget elementor-widget-heading\" data-id=\"d0efe55\" data-element_type=\"widget\" data-widget_type=\"heading.default\">\n\t\t\t\t<div class=\"elementor-widget-container\">\n\t\t\t<h3 class=\"elementor-heading-title elementor-size-default\">Solicite a sua sess\u00e3o <br> de brainstorming gratuita!<\/h3>\t\t<\/div>\n\t\t\t\t<\/div>\n\t\t\t\t<div class=\"elementor-element elementor-element-04c9c9a elementor-widget elementor-widget-heading\" data-id=\"04c9c9a\" data-element_type=\"widget\" data-widget_type=\"heading.default\">\n\t\t\t\t<div class=\"elementor-widget-container\">\n\t\t\t<h3 class=\"elementor-heading-title elementor-size-default\">Todos os designs s\u00e3o \u00fanicos, modernos e visualmente apelativos, pensados estrat\u00e9gicamente para gerar brand awareness em resposta a objectivos espec\u00edficos. <\/h3>\t\t<\/div>\n\t\t\t\t<\/div>\n\t\t\t\t<div class=\"elementor-element elementor-element-106400f button-underline elementor-align-center elementor-widget elementor-widget-button\" data-id=\"106400f\" data-element_type=\"widget\" data-widget_type=\"button.default\">\n\t\t\t\t<div class=\"elementor-widget-container\">\n\t\t\t\t\t<div class=\"elementor-button-wrapper\">\n\t\t\t<a class=\"elementor-button elementor-button-link elementor-size-sm\" href=\"#elementor-action%3Aaction%3Dpopup%3Aopen%26settings%3DeyJpZCI6IjI0NyIsInRvZ2dsZSI6ZmFsc2V9\">\n\t\t\t\t\t\t<span class=\"elementor-button-content-wrapper\">\n\t\t\t\t\t\t\t\t\t<span class=\"elementor-button-text\">Marque aqui a sua call<\/span>\n\t\t\t\t\t<\/span>\n\t\t\t\t\t<\/a>\n\t\t<\/div>\n\t\t\t\t<\/div>\n\t\t\t\t<\/div>\n\t\t\t\t<div class=\"elementor-element elementor-element-260846d elementor-widget elementor-widget-spacer\" data-id=\"260846d\" data-element_type=\"widget\" data-widget_type=\"spacer.default\">\n\t\t\t\t<div class=\"elementor-widget-container\">\n\t\t\t\t\t<div class=\"elementor-spacer\">\n\t\t\t<div class=\"elementor-spacer-inner\"><\/div>\n\t\t<\/div>\n\t\t\t\t<\/div>\n\t\t\t\t<\/div>\n\t\t\t\t<\/div>\n\t\t<div class=\"elementor-element elementor-element-59ca469 e-con-full elementor-hidden-mobile e-flex e-con e-child\" data-id=\"59ca469\" data-element_type=\"container\">\n\t\t\t\t<\/div>\n\t\t\t\t<\/div>\n\t\t<div class=\"elementor-element elementor-element-650e795 e-con-full e-flex e-con e-parent\" data-id=\"650e795\" data-element_type=\"container\">\n\t\t\t\t<div class=\"elementor-element elementor-element-489082f elementor-widget elementor-widget-html\" data-id=\"489082f\" data-element_type=\"widget\" data-widget_type=\"html.default\">\n\t\t\t\t<div class=\"elementor-widget-container\">\n\t\t\t<script>\r\nfunction Marquee(selector, speed) {\r\n  const parent = document.querySelector(selector);\r\n  const clone = parent.innerHTML;\r\n  let i = 0;\r\n  parent.innerHTML += clone;\r\n\r\n  setInterval(() => {\r\n    i += speed;\r\n    if (i >= parent.children[0].clientWidth) i = 0;\r\n    parent.children[0].style.marginLeft = `-${i}px`;\r\n  }, 0);\r\n}\r\n\r\nwindow.addEventListener('load', () => Marquee('.marquee', .5));\r\n<\/script>\t\t<\/div>\n\t\t\t\t<\/div>\n\t\t<div class=\"elementor-element elementor-element-c8e9e75 e-con-full e-flex e-con e-child\" data-id=\"c8e9e75\" data-element_type=\"container\">\n\t\t\t\t<div class=\"elementor-element elementor-element-f87529b elementor-widget elementor-widget-spacer\" data-id=\"f87529b\" data-element_type=\"widget\" data-widget_type=\"spacer.default\">\n\t\t\t\t<div class=\"elementor-widget-container\">\n\t\t\t\t\t<div class=\"elementor-spacer\">\n\t\t\t<div class=\"elementor-spacer-inner\"><\/div>\n\t\t<\/div>\n\t\t\t\t<\/div>\n\t\t\t\t<\/div>\n\t\t\t\t<div class=\"elementor-element elementor-element-24fb896 marquee elementor-widget elementor-widget-heading\" data-id=\"24fb896\" data-element_type=\"widget\" data-widget_type=\"heading.default\">\n\t\t\t\t<div class=\"elementor-widget-container\">\n\t\t\t<h3 class=\"elementor-heading-title elementor-size-default\"><a href=\"https:\/\/blumestudio.pt\/pt\/real-estate-marketing\/\">Real Estate Marketing&nbsp;-&nbsp;Real Estate Marketing&nbsp;-&nbsp;Real Estate Marketing&nbsp;-&nbsp;<\/a><\/h3>\t\t<\/div>\n\t\t\t\t<\/div>\n\t\t\t\t<div class=\"elementor-element elementor-element-8b6cbae elementor-widget elementor-widget-spacer\" data-id=\"8b6cbae\" data-element_type=\"widget\" data-widget_type=\"spacer.default\">\n\t\t\t\t<div class=\"elementor-widget-container\">\n\t\t\t\t\t<div class=\"elementor-spacer\">\n\t\t\t<div class=\"elementor-spacer-inner\"><\/div>\n\t\t<\/div>\n\t\t\t\t<\/div>\n\t\t\t\t<\/div>\n\t\t\t\t<\/div>\n\t\t\t\t<\/div>\n\t\t\t\t<\/div>","protected":false},"excerpt":{"rendered":"<p>Websites We create beautiful, easy-to-use websites that perfectly reflect your brand, providing a smooth and engaging online experience for your users. Website Architecture Develop a clear and organized site structure to improve navigation and user experience. Custom-made Design Create visually appealing and user-friendly interfaces that align with your brand identity. Fully Responsive Design Ensure your [&hellip;]<\/p>","protected":false},"author":2,"featured_media":0,"parent":0,"menu_order":0,"comment_status":"closed","ping_status":"closed","template":"","meta":{"footnotes":""},"class_list":["post-312","page","type-page","status-publish","hentry"],"acf":[],"_links":{"self":[{"href":"https:\/\/blumestudio.pt\/pt\/wp-json\/wp\/v2\/pages\/312","targetHints":{"allow":["GET"]}}],"collection":[{"href":"https:\/\/blumestudio.pt\/pt\/wp-json\/wp\/v2\/pages"}],"about":[{"href":"https:\/\/blumestudio.pt\/pt\/wp-json\/wp\/v2\/types\/page"}],"author":[{"embeddable":true,"href":"https:\/\/blumestudio.pt\/pt\/wp-json\/wp\/v2\/users\/2"}],"replies":[{"embeddable":true,"href":"https:\/\/blumestudio.pt\/pt\/wp-json\/wp\/v2\/comments?post=312"}],"version-history":[{"count":51,"href":"https:\/\/blumestudio.pt\/pt\/wp-json\/wp\/v2\/pages\/312\/revisions"}],"predecessor-version":[{"id":1506,"href":"https:\/\/blumestudio.pt\/pt\/wp-json\/wp\/v2\/pages\/312\/revisions\/1506"}],"wp:attachment":[{"href":"https:\/\/blumestudio.pt\/pt\/wp-json\/wp\/v2\/media?parent=312"}],"curies":[{"name":"wp","href":"https:\/\/api.w.org\/{rel}","templated":true}]}}