{"id":307,"date":"2024-10-23T14:49:42","date_gmt":"2024-10-23T14:49:42","guid":{"rendered":"https:\/\/blumestudio.pt\/?page_id=307"},"modified":"2025-01-21T22:29:33","modified_gmt":"2025-01-21T22:29:33","slug":"brand-communication","status":"publish","type":"page","link":"https:\/\/blumestudio.pt\/pt\/brand-communication\/","title":{"rendered":"Comunica\u00e7\u00e3o de Marca"},"content":{"rendered":"<div data-elementor-type=\"wp-page\" data-elementor-id=\"307\" class=\"elementor elementor-307\" data-elementor-post-type=\"page\">\n\t\t\t\t<div class=\"elementor-element elementor-element-f0ab444 e-con-full e-flex e-con e-parent\" data-id=\"f0ab444\" data-element_type=\"container\">\n\t\t\t\t<div class=\"elementor-element elementor-element-6280fce elementor-hidden-mobile elementor-widget elementor-widget-spacer\" data-id=\"6280fce\" data-element_type=\"widget\" data-widget_type=\"spacer.default\">\n\t\t\t\t<div class=\"elementor-widget-container\">\n\t\t\t\t\t<div class=\"elementor-spacer\">\n\t\t\t<div class=\"elementor-spacer-inner\"><\/div>\n\t\t<\/div>\n\t\t\t\t<\/div>\n\t\t\t\t<\/div>\n\t\t\t\t<\/div>\n\t\t<div class=\"elementor-element elementor-element-9ac4ec1 e-con-full e-flex e-con e-parent\" data-id=\"9ac4ec1\" data-element_type=\"container\">\n\t\t<div class=\"elementor-element elementor-element-e06f02a e-con-full e-flex e-con e-child\" data-id=\"e06f02a\" data-element_type=\"container\">\n\t\t<div class=\"elementor-element elementor-element-b321e8f e-con-full e-flex e-con e-child\" data-id=\"b321e8f\" data-element_type=\"container\">\n\t\t<div class=\"elementor-element elementor-element-9124489 e-con-full e-flex e-con e-child\" data-id=\"9124489\" data-element_type=\"container\">\n\t\t\t\t<div class=\"elementor-element elementor-element-96e98ae elementor-widget elementor-widget-heading\" data-id=\"96e98ae\" data-element_type=\"widget\" data-widget_type=\"heading.default\">\n\t\t\t\t<div class=\"elementor-widget-container\">\n\t\t\t<h1 class=\"elementor-heading-title elementor-size-default\">Comunica\u00e7\u00e3o de Marca<\/h1>\t\t<\/div>\n\t\t\t\t<\/div>\n\t\t\t\t<div class=\"elementor-element elementor-element-f62c07d elementor-widget elementor-widget-heading\" data-id=\"f62c07d\" data-element_type=\"widget\" data-widget_type=\"heading.default\">\n\t\t\t\t<div class=\"elementor-widget-container\">\n\t\t\t<h2 class=\"elementor-heading-title elementor-size-default\">Desenvolvemos e implementamos todos os touchpoints da marca que definem a experi\u00eancia e a liga\u00e7\u00e3o que se estabelece entre a sua marca e os seus clientes. <\/h2>\t\t<\/div>\n\t\t\t\t<\/div>\n\t\t\t\t<\/div>\n\t\t<div class=\"elementor-element elementor-element-fb22715 e-con-full elementor-hidden-mobile e-flex e-con e-child\" data-id=\"fb22715\" data-element_type=\"container\">\n\t\t\t\t<div class=\"elementor-element elementor-element-4ed1b31 elementor-widget elementor-widget-image\" data-id=\"4ed1b31\" data-element_type=\"widget\" data-widget_type=\"image.default\">\n\t\t\t\t<div class=\"elementor-widget-container\">\n\t\t\t\t\t\t\t\t\t\t\t\t\t<img decoding=\"async\" width=\"1\" height=\"1\" src=\"https:\/\/blumestudio.pt\/wp-content\/uploads\/2024\/10\/carimbo-blume.svg\" class=\"attachment-thumbnail size-thumbnail wp-image-296\" alt=\"\" \/>\t\t\t\t\t\t\t\t\t\t\t\t\t<\/div>\n\t\t\t\t<\/div>\n\t\t\t\t<\/div>\n\t\t\t\t<\/div>\n\t\t\t\t<\/div>\n\t\t<div class=\"elementor-element elementor-element-2f1095a e-con-full e-flex e-con e-child\" data-id=\"2f1095a\" data-element_type=\"container\">\n\t\t<div class=\"elementor-element elementor-element-2a94e97 e-con-full e-flex e-con e-child\" data-id=\"2a94e97\" data-element_type=\"container\">\n\t\t\t\t<div class=\"elementor-element elementor-element-f44bad8 elementor-widget elementor-widget-heading\" data-id=\"f44bad8\" data-element_type=\"widget\" data-widget_type=\"heading.default\">\n\t\t\t\t<div class=\"elementor-widget-container\">\n\t\t\t<h3 class=\"elementor-heading-title elementor-size-default\">Estacion\u00e1rio<\/h3>\t\t<\/div>\n\t\t\t\t<\/div>\n\t\t\t\t<div class=\"elementor-element elementor-element-101129d elementor-widget elementor-widget-heading\" data-id=\"101129d\" data-element_type=\"widget\" data-widget_type=\"heading.default\">\n\t\t\t\t<div class=\"elementor-widget-container\">\n\t\t\t<h3 class=\"elementor-heading-title elementor-size-default\">Criamos pe\u00e7as de estacion\u00e1rio desenhadas exclusivamente para a sua marca e necessidades. <\/h3>\t\t<\/div>\n\t\t\t\t<\/div>\n\t\t\t\t<\/div>\n\t\t<div class=\"elementor-element elementor-element-301c323 e-con-full e-flex e-con e-child\" data-id=\"301c323\" data-element_type=\"container\">\n\t\t\t\t<div class=\"elementor-element elementor-element-2c0492f elementor-widget elementor-widget-heading\" data-id=\"2c0492f\" data-element_type=\"widget\" data-widget_type=\"heading.default\">\n\t\t\t\t<div class=\"elementor-widget-container\">\n\t\t\t<h3 class=\"elementor-heading-title elementor-size-default\">Apresenta\u00e7\u00f5es Institucionais, Brochuras e Cat\u00e1logos<\/h3>\t\t<\/div>\n\t\t\t\t<\/div>\n\t\t\t\t<div class=\"elementor-element elementor-element-9e4f1f0 elementor-widget elementor-widget-heading\" data-id=\"9e4f1f0\" data-element_type=\"widget\" data-widget_type=\"heading.default\">\n\t\t\t\t<div class=\"elementor-widget-container\">\n\t\t\t<h3 class=\"elementor-heading-title elementor-size-default\">Desenvolvemos apresenta\u00e7\u00f5es premium que comunicam, de forma clara e eficaz, o posicionamento do seu servi\u00e7o, produto ou marca.<\/h3>\t\t<\/div>\n\t\t\t\t<\/div>\n\t\t\t\t<\/div>\n\t\t<div class=\"elementor-element elementor-element-4041149 e-con-full e-flex e-con e-child\" data-id=\"4041149\" data-element_type=\"container\">\n\t\t\t\t<div class=\"elementor-element elementor-element-ad7a54f elementor-widget elementor-widget-heading\" data-id=\"ad7a54f\" data-element_type=\"widget\" data-widget_type=\"heading.default\">\n\t\t\t\t<div class=\"elementor-widget-container\">\n\t\t\t<h3 class=\"elementor-heading-title elementor-size-default\">Materiais de Marketing<\/h3>\t\t<\/div>\n\t\t\t\t<\/div>\n\t\t\t\t<div class=\"elementor-element elementor-element-bf77eca elementor-widget elementor-widget-heading\" data-id=\"bf77eca\" data-element_type=\"widget\" data-widget_type=\"heading.default\">\n\t\t\t\t<div class=\"elementor-widget-container\">\n\t\t\t<h3 class=\"elementor-heading-title elementor-size-default\">Produzimos materiais de marketing impactantes que aceleram o reconhecimento da sua marca e aumentam o envolvimento dos seus clientes.<\/h3>\t\t<\/div>\n\t\t\t\t<\/div>\n\t\t\t\t<\/div>\n\t\t<div class=\"elementor-element elementor-element-58cfac4 e-con-full e-flex e-con e-child\" data-id=\"58cfac4\" data-element_type=\"container\">\n\t\t\t\t<div class=\"elementor-element elementor-element-551d51b elementor-widget elementor-widget-heading\" data-id=\"551d51b\" data-element_type=\"widget\" data-widget_type=\"heading.default\">\n\t\t\t\t<div class=\"elementor-widget-container\">\n\t\t\t<h3 class=\"elementor-heading-title elementor-size-default\">Merchandising<\/h3>\t\t<\/div>\n\t\t\t\t<\/div>\n\t\t\t\t<div class=\"elementor-element elementor-element-d28c85b elementor-widget elementor-widget-heading\" data-id=\"d28c85b\" data-element_type=\"widget\" data-widget_type=\"heading.default\">\n\t\t\t\t<div class=\"elementor-widget-container\">\n\t\t\t<h3 class=\"elementor-heading-title elementor-size-default\">Desenhamos produtos que n\u00e3o s\u00f3 fortalecem a rela\u00e7\u00e3o entre a marca e o cliente, mas tamb\u00e9m enriquecem a experi\u00eancia de cada intera\u00e7\u00e3o.<\/h3>\t\t<\/div>\n\t\t\t\t<\/div>\n\t\t\t\t<\/div>\n\t\t<div class=\"elementor-element elementor-element-55a02c6 e-con-full e-flex e-con e-child\" data-id=\"55a02c6\" data-element_type=\"container\">\n\t\t\t\t<div class=\"elementor-element elementor-element-58b55b7 elementor-widget elementor-widget-heading\" data-id=\"58b55b7\" data-element_type=\"widget\" data-widget_type=\"heading.default\">\n\t\t\t\t<div class=\"elementor-widget-container\">\n\t\t\t<h3 class=\"elementor-heading-title elementor-size-default\">Outdoor, Mupis &amp; Tapumes<\/h3>\t\t<\/div>\n\t\t\t\t<\/div>\n\t\t\t\t<div class=\"elementor-element elementor-element-d4f7a5b elementor-widget elementor-widget-heading\" data-id=\"d4f7a5b\" data-element_type=\"widget\" data-widget_type=\"heading.default\">\n\t\t\t\t<div class=\"elementor-widget-container\">\n\t\t\t<h3 class=\"elementor-heading-title elementor-size-default\">Criamos outdoors, mupis e tapumes que destacam o seu projecto, atraindo e envolvendo mais clientes de forma eficiente.<\/h3>\t\t<\/div>\n\t\t\t\t<\/div>\n\t\t\t\t<\/div>\n\t\t<div class=\"elementor-element elementor-element-ad67216 e-con-full e-flex e-con e-child\" data-id=\"ad67216\" data-element_type=\"container\">\n\t\t\t\t<div class=\"elementor-element elementor-element-f606b52 elementor-widget elementor-widget-heading\" data-id=\"f606b52\" data-element_type=\"widget\" data-widget_type=\"heading.default\">\n\t\t\t\t<div class=\"elementor-widget-container\">\n\t\t\t<h3 class=\"elementor-heading-title elementor-size-default\">Showrooms, Stands e Eventos<\/h3>\t\t<\/div>\n\t\t\t\t<\/div>\n\t\t\t\t<div class=\"elementor-element elementor-element-da56b10 elementor-widget elementor-widget-heading\" data-id=\"da56b10\" data-element_type=\"widget\" data-widget_type=\"heading.default\">\n\t\t\t\t<div class=\"elementor-widget-container\">\n\t\t\t<h3 class=\"elementor-heading-title elementor-size-default\">Projectamos experi\u00eancias imersivas em showrooms e eventos para promo\u00e7\u00e3o dos seus servi\u00e7os ou produtos.<\/h3>\t\t<\/div>\n\t\t\t\t<\/div>\n\t\t\t\t<\/div>\n\t\t<div class=\"elementor-element elementor-element-a62bdea e-con-full e-flex e-con e-child\" data-id=\"a62bdea\" data-element_type=\"container\">\n\t\t\t\t<div class=\"elementor-element elementor-element-7e6cc9e elementor-widget elementor-widget-heading\" data-id=\"7e6cc9e\" data-element_type=\"widget\" data-widget_type=\"heading.default\">\n\t\t\t\t<div class=\"elementor-widget-container\">\n\t\t\t<h3 class=\"elementor-heading-title elementor-size-default\">Social Media Banners &amp; Thumbnails<\/h3>\t\t<\/div>\n\t\t\t\t<\/div>\n\t\t\t\t<div class=\"elementor-element elementor-element-0927b9a elementor-widget elementor-widget-heading\" data-id=\"0927b9a\" data-element_type=\"widget\" data-widget_type=\"heading.default\">\n\t\t\t\t<div class=\"elementor-widget-container\">\n\t\t\t<h3 class=\"elementor-heading-title elementor-size-default\">Desenhamos banners e thumbnails apelativos que maximizam a efic\u00e1cia da sua presen\u00e7a nas redes sociais.<\/h3>\t\t<\/div>\n\t\t\t\t<\/div>\n\t\t\t\t<\/div>\n\t\t\t\t<\/div>\n\t\t<div class=\"elementor-element elementor-element-b219334 e-con-full elementor-hidden-desktop elementor-hidden-tablet e-flex e-con e-child\" data-id=\"b219334\" data-element_type=\"container\">\n\t\t\t\t<div class=\"elementor-element elementor-element-0693361 elementor-widget elementor-widget-image\" data-id=\"0693361\" data-element_type=\"widget\" id=\"blumecirclelogo\" data-widget_type=\"image.default\">\n\t\t\t\t<div class=\"elementor-widget-container\">\n\t\t\t\t\t\t\t\t\t\t\t\t\t<img decoding=\"async\" width=\"1\" height=\"1\" src=\"https:\/\/blumestudio.pt\/wp-content\/uploads\/2024\/10\/carimbo-blume.svg\" class=\"attachment-thumbnail size-thumbnail wp-image-296\" alt=\"\" \/>\t\t\t\t\t\t\t\t\t\t\t\t\t<\/div>\n\t\t\t\t<\/div>\n\t\t\t\t<\/div>\n\t\t\t\t<\/div>\n\t\t<div class=\"elementor-element elementor-element-ebd1860 e-con-full elementor-hidden-mobile e-flex e-con e-parent\" data-id=\"ebd1860\" data-element_type=\"container\">\n\t\t\t\t<\/div>\n\t\t<div class=\"elementor-element elementor-element-e17748d e-con-full e-flex e-con e-parent\" data-id=\"e17748d\" data-element_type=\"container\">\n\t\t\t\t<div class=\"elementor-element elementor-element-ee4e056 elementor-widget elementor-widget-image\" data-id=\"ee4e056\" data-element_type=\"widget\" data-widget_type=\"image.default\">\n\t\t\t\t<div class=\"elementor-widget-container\">\n\t\t\t\t\t\t\t\t\t\t\t\t\t<img fetchpriority=\"high\" decoding=\"async\" width=\"1920\" height=\"1080\" src=\"https:\/\/blumestudio.pt\/wp-content\/uploads\/2024\/10\/brand-communication-1920.jpg\" class=\"attachment-full size-full wp-image-767\" alt=\"\" srcset=\"https:\/\/blumestudio.pt\/wp-content\/uploads\/2024\/10\/brand-communication-1920.jpg 1920w, https:\/\/blumestudio.pt\/wp-content\/uploads\/2024\/10\/brand-communication-1920-300x169.jpg 300w, https:\/\/blumestudio.pt\/wp-content\/uploads\/2024\/10\/brand-communication-1920-1024x576.jpg 1024w, https:\/\/blumestudio.pt\/wp-content\/uploads\/2024\/10\/brand-communication-1920-768x432.jpg 768w, https:\/\/blumestudio.pt\/wp-content\/uploads\/2024\/10\/brand-communication-1920-1536x864.jpg 1536w\" sizes=\"(max-width: 1920px) 100vw, 1920px\" \/>\t\t\t\t\t\t\t\t\t\t\t\t\t<\/div>\n\t\t\t\t<\/div>\n\t\t\t\t<\/div>\n\t\t<div class=\"elementor-element elementor-element-2c0893e e-con-full e-flex e-con e-parent\" data-id=\"2c0893e\" data-element_type=\"container\">\n\t\t\t\t<div class=\"elementor-element elementor-element-d60fe93 elementor-widget elementor-widget-spacer\" data-id=\"d60fe93\" data-element_type=\"widget\" data-widget_type=\"spacer.default\">\n\t\t\t\t<div class=\"elementor-widget-container\">\n\t\t\t\t\t<div class=\"elementor-spacer\">\n\t\t\t<div class=\"elementor-spacer-inner\"><\/div>\n\t\t<\/div>\n\t\t\t\t<\/div>\n\t\t\t\t<\/div>\n\t\t\t\t<\/div>\n\t\t<div class=\"elementor-element elementor-element-4dbee7e e-con-full e-flex e-con e-parent\" data-id=\"4dbee7e\" data-element_type=\"container\" data-settings=\"{&quot;background_background&quot;:&quot;classic&quot;}\">\n\t\t<div class=\"elementor-element elementor-element-6154abd e-con-full elementor-hidden-mobile e-flex e-con e-child\" data-id=\"6154abd\" data-element_type=\"container\">\n\t\t\t\t<\/div>\n\t\t<div class=\"elementor-element elementor-element-75356ab e-con-full e-flex e-con e-child\" data-id=\"75356ab\" data-element_type=\"container\">\n\t\t\t\t<div class=\"elementor-element elementor-element-a58d0f0 elementor-widget elementor-widget-spacer\" data-id=\"a58d0f0\" data-element_type=\"widget\" data-widget_type=\"spacer.default\">\n\t\t\t\t<div class=\"elementor-widget-container\">\n\t\t\t\t\t<div class=\"elementor-spacer\">\n\t\t\t<div class=\"elementor-spacer-inner\"><\/div>\n\t\t<\/div>\n\t\t\t\t<\/div>\n\t\t\t\t<\/div>\n\t\t\t\t<div class=\"elementor-element elementor-element-d0efe55 elementor-widget elementor-widget-heading\" data-id=\"d0efe55\" data-element_type=\"widget\" data-widget_type=\"heading.default\">\n\t\t\t\t<div class=\"elementor-widget-container\">\n\t\t\t<h3 class=\"elementor-heading-title elementor-size-default\">Solicite a sua sess\u00e3o <br> de brainstorming gratuita!<\/h3>\t\t<\/div>\n\t\t\t\t<\/div>\n\t\t\t\t<div class=\"elementor-element elementor-element-d5a152f elementor-widget elementor-widget-heading\" data-id=\"d5a152f\" data-element_type=\"widget\" data-widget_type=\"heading.default\">\n\t\t\t\t<div class=\"elementor-widget-container\">\n\t\t\t<h3 class=\"elementor-heading-title elementor-size-default\">Ofere\u00e7a materiais de comunica\u00e7\u00e3o visual que representem a identidade da sua marca e a ess\u00eancia do seu neg\u00f3cio. <\/h3>\t\t<\/div>\n\t\t\t\t<\/div>\n\t\t\t\t<div class=\"elementor-element elementor-element-611b543 button-underline elementor-align-center elementor-widget elementor-widget-button\" data-id=\"611b543\" data-element_type=\"widget\" data-widget_type=\"button.default\">\n\t\t\t\t<div class=\"elementor-widget-container\">\n\t\t\t\t\t<div class=\"elementor-button-wrapper\">\n\t\t\t<a class=\"elementor-button elementor-button-link elementor-size-sm\" href=\"#elementor-action%3Aaction%3Dpopup%3Aopen%26settings%3DeyJpZCI6IjI0NyIsInRvZ2dsZSI6ZmFsc2V9\">\n\t\t\t\t\t\t<span class=\"elementor-button-content-wrapper\">\n\t\t\t\t\t\t\t\t\t<span class=\"elementor-button-text\">Marque aqui a sua call<\/span>\n\t\t\t\t\t<\/span>\n\t\t\t\t\t<\/a>\n\t\t<\/div>\n\t\t\t\t<\/div>\n\t\t\t\t<\/div>\n\t\t\t\t<div class=\"elementor-element elementor-element-260846d elementor-widget elementor-widget-spacer\" data-id=\"260846d\" data-element_type=\"widget\" data-widget_type=\"spacer.default\">\n\t\t\t\t<div class=\"elementor-widget-container\">\n\t\t\t\t\t<div class=\"elementor-spacer\">\n\t\t\t<div class=\"elementor-spacer-inner\"><\/div>\n\t\t<\/div>\n\t\t\t\t<\/div>\n\t\t\t\t<\/div>\n\t\t\t\t<\/div>\n\t\t<div class=\"elementor-element elementor-element-59ca469 e-con-full elementor-hidden-mobile e-flex e-con e-child\" data-id=\"59ca469\" data-element_type=\"container\">\n\t\t\t\t<\/div>\n\t\t\t\t<\/div>\n\t\t<div class=\"elementor-element elementor-element-650e795 e-con-full e-flex e-con e-parent\" data-id=\"650e795\" data-element_type=\"container\">\n\t\t\t\t<div class=\"elementor-element elementor-element-489082f elementor-widget elementor-widget-html\" data-id=\"489082f\" data-element_type=\"widget\" data-widget_type=\"html.default\">\n\t\t\t\t<div class=\"elementor-widget-container\">\n\t\t\t<script>\r\nfunction Marquee(selector, speed) {\r\n  const parent = document.querySelector(selector);\r\n  const clone = parent.innerHTML;\r\n  let i = 0;\r\n  parent.innerHTML += clone;\r\n\r\n  setInterval(() => {\r\n    i += speed;\r\n    if (i >= parent.children[0].clientWidth) i = 0;\r\n    parent.children[0].style.marginLeft = `-${i}px`;\r\n  }, 0);\r\n}\r\n\r\nwindow.addEventListener('load', () => Marquee('.marquee', .5));\r\n<\/script>\t\t<\/div>\n\t\t\t\t<\/div>\n\t\t\t\t<div class=\"elementor-element elementor-element-f87529b elementor-widget elementor-widget-spacer\" data-id=\"f87529b\" data-element_type=\"widget\" data-widget_type=\"spacer.default\">\n\t\t\t\t<div class=\"elementor-widget-container\">\n\t\t\t\t\t<div class=\"elementor-spacer\">\n\t\t\t<div class=\"elementor-spacer-inner\"><\/div>\n\t\t<\/div>\n\t\t\t\t<\/div>\n\t\t\t\t<\/div>\n\t\t<div class=\"elementor-element elementor-element-c8e9e75 e-con-full e-flex e-con e-child\" data-id=\"c8e9e75\" data-element_type=\"container\">\n\t\t\t\t<div class=\"elementor-element elementor-element-24fb896 marquee elementor-widget elementor-widget-heading\" data-id=\"24fb896\" data-element_type=\"widget\" data-widget_type=\"heading.default\">\n\t\t\t\t<div class=\"elementor-widget-container\">\n\t\t\t<h3 class=\"elementor-heading-title elementor-size-default\"><a href=\"https:\/\/blumestudio.pt\/pt\/websites\/\">Websites&nbsp;-&nbsp;Websites&nbsp;-&nbsp;Websites&nbsp;-&nbsp;Websites&nbsp;-&nbsp;Websites&nbsp;-&nbsp;Websites&nbsp;-&nbsp;Websites&nbsp;-&nbsp;Websites&nbsp;-&nbsp;Websites&nbsp;-&nbsp;Websites&nbsp;-&nbsp;Websites&nbsp;-&nbsp;Websites&nbsp;-&nbsp;<\/a><\/h3>\t\t<\/div>\n\t\t\t\t<\/div>\n\t\t\t\t<\/div>\n\t\t\t\t<div class=\"elementor-element elementor-element-8b6cbae elementor-widget elementor-widget-spacer\" data-id=\"8b6cbae\" data-element_type=\"widget\" data-widget_type=\"spacer.default\">\n\t\t\t\t<div class=\"elementor-widget-container\">\n\t\t\t\t\t<div class=\"elementor-spacer\">\n\t\t\t<div class=\"elementor-spacer-inner\"><\/div>\n\t\t<\/div>\n\t\t\t\t<\/div>\n\t\t\t\t<\/div>\n\t\t\t\t<\/div>\n\t\t\t\t<\/div>","protected":false},"excerpt":{"rendered":"<p>Brand Communication We design and develop all brand touchpoints that set the tone between your brand and its customers and how it makes them feel. Stationery Create branded stationery items that reinforce your brand identity. Corporate Presentations, Brochures &amp; Catalogues Design engaging presentations that communicate your business positioning, services or products. Marketing Materials Develop impactful [&hellip;]<\/p>","protected":false},"author":2,"featured_media":0,"parent":0,"menu_order":0,"comment_status":"closed","ping_status":"closed","template":"","meta":{"footnotes":""},"class_list":["post-307","page","type-page","status-publish","hentry"],"acf":[],"_links":{"self":[{"href":"https:\/\/blumestudio.pt\/pt\/wp-json\/wp\/v2\/pages\/307","targetHints":{"allow":["GET"]}}],"collection":[{"href":"https:\/\/blumestudio.pt\/pt\/wp-json\/wp\/v2\/pages"}],"about":[{"href":"https:\/\/blumestudio.pt\/pt\/wp-json\/wp\/v2\/types\/page"}],"author":[{"embeddable":true,"href":"https:\/\/blumestudio.pt\/pt\/wp-json\/wp\/v2\/users\/2"}],"replies":[{"embeddable":true,"href":"https:\/\/blumestudio.pt\/pt\/wp-json\/wp\/v2\/comments?post=307"}],"version-history":[{"count":66,"href":"https:\/\/blumestudio.pt\/pt\/wp-json\/wp\/v2\/pages\/307\/revisions"}],"predecessor-version":[{"id":1500,"href":"https:\/\/blumestudio.pt\/pt\/wp-json\/wp\/v2\/pages\/307\/revisions\/1500"}],"wp:attachment":[{"href":"https:\/\/blumestudio.pt\/pt\/wp-json\/wp\/v2\/media?parent=307"}],"curies":[{"name":"wp","href":"https:\/\/api.w.org\/{rel}","templated":true}]}}