{"id":294,"date":"2024-10-23T14:13:43","date_gmt":"2024-10-23T14:13:43","guid":{"rendered":"https:\/\/blumestudio.pt\/?page_id=294"},"modified":"2025-01-21T22:26:40","modified_gmt":"2025-01-21T22:26:40","slug":"branding","status":"publish","type":"page","link":"https:\/\/blumestudio.pt\/pt\/branding\/","title":{"rendered":"Branding"},"content":{"rendered":"<div data-elementor-type=\"wp-page\" data-elementor-id=\"294\" class=\"elementor elementor-294\" data-elementor-post-type=\"page\">\n\t\t\t\t<div class=\"elementor-element elementor-element-f0ab444 e-con-full e-flex e-con e-parent\" data-id=\"f0ab444\" data-element_type=\"container\">\n\t\t\t\t<div class=\"elementor-element elementor-element-6280fce elementor-hidden-mobile elementor-widget elementor-widget-spacer\" data-id=\"6280fce\" data-element_type=\"widget\" data-widget_type=\"spacer.default\">\n\t\t\t\t<div class=\"elementor-widget-container\">\n\t\t\t\t\t<div class=\"elementor-spacer\">\n\t\t\t<div class=\"elementor-spacer-inner\"><\/div>\n\t\t<\/div>\n\t\t\t\t<\/div>\n\t\t\t\t<\/div>\n\t\t\t\t<\/div>\n\t\t<div class=\"elementor-element elementor-element-9ac4ec1 e-con-full e-flex e-con e-parent\" data-id=\"9ac4ec1\" data-element_type=\"container\">\n\t\t<div class=\"elementor-element elementor-element-e06f02a e-con-full e-flex e-con e-child\" data-id=\"e06f02a\" data-element_type=\"container\">\n\t\t<div class=\"elementor-element elementor-element-b321e8f e-con-full e-flex e-con e-child\" data-id=\"b321e8f\" data-element_type=\"container\">\n\t\t<div class=\"elementor-element elementor-element-9124489 e-con-full e-flex e-con e-child\" data-id=\"9124489\" data-element_type=\"container\">\n\t\t\t\t<div class=\"elementor-element elementor-element-96e98ae elementor-widget elementor-widget-heading\" data-id=\"96e98ae\" data-element_type=\"widget\" data-widget_type=\"heading.default\">\n\t\t\t\t<div class=\"elementor-widget-container\">\n\t\t\t<h1 class=\"elementor-heading-title elementor-size-default\">Branding<\/h1>\t\t<\/div>\n\t\t\t\t<\/div>\n\t\t\t\t<div class=\"elementor-element elementor-element-f62c07d elementor-widget elementor-widget-heading\" data-id=\"f62c07d\" data-element_type=\"widget\" data-widget_type=\"heading.default\">\n\t\t\t\t<div class=\"elementor-widget-container\">\n\t\t\t<h2 class=\"elementor-heading-title elementor-size-default\">Aliamos estrat\u00e9gia de marca a criatividade ao criar e desenvolver a identidade visual e o posicionamento da sua marca para um impacto memor\u00e1vel no seu p\u00fablico.  <\/h2>\t\t<\/div>\n\t\t\t\t<\/div>\n\t\t\t\t<\/div>\n\t\t<div class=\"elementor-element elementor-element-fb22715 e-con-full elementor-hidden-mobile e-flex e-con e-child\" data-id=\"fb22715\" data-element_type=\"container\">\n\t\t\t\t<div class=\"elementor-element elementor-element-4ed1b31 elementor-widget elementor-widget-image\" data-id=\"4ed1b31\" data-element_type=\"widget\" data-widget_type=\"image.default\">\n\t\t\t\t<div class=\"elementor-widget-container\">\n\t\t\t\t\t\t\t\t\t\t\t\t\t<img decoding=\"async\" width=\"1\" height=\"1\" src=\"https:\/\/blumestudio.pt\/wp-content\/uploads\/2024\/10\/carimbo-blume.svg\" class=\"attachment-thumbnail size-thumbnail wp-image-296\" alt=\"\" \/>\t\t\t\t\t\t\t\t\t\t\t\t\t<\/div>\n\t\t\t\t<\/div>\n\t\t\t\t<\/div>\n\t\t\t\t<\/div>\n\t\t\t\t<\/div>\n\t\t<div class=\"elementor-element elementor-element-2f1095a e-con-full e-flex e-con e-child\" data-id=\"2f1095a\" data-element_type=\"container\">\n\t\t<div class=\"elementor-element elementor-element-04eef0e e-con-full e-flex e-con e-child\" data-id=\"04eef0e\" data-element_type=\"container\">\n\t\t\t\t<div class=\"elementor-element elementor-element-2222828 elementor-widget elementor-widget-heading\" data-id=\"2222828\" data-element_type=\"widget\" data-widget_type=\"heading.default\">\n\t\t\t\t<div class=\"elementor-widget-container\">\n\t\t\t<h3 class=\"elementor-heading-title elementor-size-default\">Processo de Brand Discovery<\/h3>\t\t<\/div>\n\t\t\t\t<\/div>\n\t\t\t\t<div class=\"elementor-element elementor-element-f2ac35a elementor-widget elementor-widget-heading\" data-id=\"f2ac35a\" data-element_type=\"widget\" data-widget_type=\"heading.default\">\n\t\t\t\t<div class=\"elementor-widget-container\">\n\t\t\t<h3 class=\"elementor-heading-title elementor-size-default\">Estudamos a ess\u00eancia da sua marca para descobrir os seus atributos, valores e aquilo que a torna \u00fanica.<\/h3>\t\t<\/div>\n\t\t\t\t<\/div>\n\t\t\t\t<\/div>\n\t\t<div class=\"elementor-element elementor-element-bd919b2 e-con-full e-flex e-con e-child\" data-id=\"bd919b2\" data-element_type=\"container\">\n\t\t\t\t<div class=\"elementor-element elementor-element-4eb9d25 elementor-widget elementor-widget-heading\" data-id=\"4eb9d25\" data-element_type=\"widget\" data-widget_type=\"heading.default\">\n\t\t\t\t<div class=\"elementor-widget-container\">\n\t\t\t<h3 class=\"elementor-heading-title elementor-size-default\">Naming<\/h3>\t\t<\/div>\n\t\t\t\t<\/div>\n\t\t\t\t<div class=\"elementor-element elementor-element-6683752 elementor-widget elementor-widget-heading\" data-id=\"6683752\" data-element_type=\"widget\" data-widget_type=\"heading.default\">\n\t\t\t\t<div class=\"elementor-widget-container\">\n\t\t\t<h3 class=\"elementor-heading-title elementor-size-default\">Criamos um nome marcante, com significado e facilmente reconhec\u00edvel.<\/h3>\t\t<\/div>\n\t\t\t\t<\/div>\n\t\t\t\t<\/div>\n\t\t<div class=\"elementor-element elementor-element-21807a9 e-con-full e-flex e-con e-child\" data-id=\"21807a9\" data-element_type=\"container\">\n\t\t\t\t<div class=\"elementor-element elementor-element-26a1a01 elementor-widget elementor-widget-heading\" data-id=\"26a1a01\" data-element_type=\"widget\" data-widget_type=\"heading.default\">\n\t\t\t\t<div class=\"elementor-widget-container\">\n\t\t\t<h3 class=\"elementor-heading-title elementor-size-default\">Estrat\u00e9gia de Marca<\/h3>\t\t<\/div>\n\t\t\t\t<\/div>\n\t\t\t\t<div class=\"elementor-element elementor-element-f7af5de elementor-widget elementor-widget-heading\" data-id=\"f7af5de\" data-element_type=\"widget\" data-widget_type=\"heading.default\">\n\t\t\t\t<div class=\"elementor-widget-container\">\n\t\t\t<h3 class=\"elementor-heading-title elementor-size-default\">Elaboramos uma estrat\u00e9gia para posicionar a sua marca e diferenci\u00e1-la da concorr\u00eancia.<\/h3>\t\t<\/div>\n\t\t\t\t<\/div>\n\t\t\t\t<\/div>\n\t\t<div class=\"elementor-element elementor-element-5347f79 e-con-full e-flex e-con e-child\" data-id=\"5347f79\" data-element_type=\"container\">\n\t\t\t\t<div class=\"elementor-element elementor-element-188e4a4 elementor-widget elementor-widget-heading\" data-id=\"188e4a4\" data-element_type=\"widget\" data-widget_type=\"heading.default\">\n\t\t\t\t<div class=\"elementor-widget-container\">\n\t\t\t<h3 class=\"elementor-heading-title elementor-size-default\">Direc\u00e7\u00e3o Criativa<\/h3>\t\t<\/div>\n\t\t\t\t<\/div>\n\t\t\t\t<div class=\"elementor-element elementor-element-88761b8 elementor-widget elementor-widget-heading\" data-id=\"88761b8\" data-element_type=\"widget\" data-widget_type=\"heading.default\">\n\t\t\t\t<div class=\"elementor-widget-container\">\n\t\t\t<h3 class=\"elementor-heading-title elementor-size-default\">Estabelecemos o estilo visual e conceptual do seu projecto para garantir uma identidade consistente.<\/h3>\t\t<\/div>\n\t\t\t\t<\/div>\n\t\t\t\t<\/div>\n\t\t<div class=\"elementor-element elementor-element-adbe289 e-con-full e-flex e-con e-child\" data-id=\"adbe289\" data-element_type=\"container\">\n\t\t\t\t<div class=\"elementor-element elementor-element-53ded12 elementor-widget elementor-widget-heading\" data-id=\"53ded12\" data-element_type=\"widget\" data-widget_type=\"heading.default\">\n\t\t\t\t<div class=\"elementor-widget-container\">\n\t\t\t<h3 class=\"elementor-heading-title elementor-size-default\">Identidade Visual<\/h3>\t\t<\/div>\n\t\t\t\t<\/div>\n\t\t\t\t<div class=\"elementor-element elementor-element-e693603 elementor-widget elementor-widget-heading\" data-id=\"e693603\" data-element_type=\"widget\" data-widget_type=\"heading.default\">\n\t\t\t\t<div class=\"elementor-widget-container\">\n\t\t\t<h3 class=\"elementor-heading-title elementor-size-default\">Desenvolvemos o log\u00f3tipo, s\u00edmbolo, tipografia e elementos visuais que reflectem a sua marca de forma \u00fanica e exclusiva.<\/h3>\t\t<\/div>\n\t\t\t\t<\/div>\n\t\t\t\t<\/div>\n\t\t<div class=\"elementor-element elementor-element-b279fac e-con-full e-flex e-con e-child\" data-id=\"b279fac\" data-element_type=\"container\">\n\t\t\t\t<div class=\"elementor-element elementor-element-36ad2f6 elementor-widget elementor-widget-heading\" data-id=\"36ad2f6\" data-element_type=\"widget\" data-widget_type=\"heading.default\">\n\t\t\t\t<div class=\"elementor-widget-container\">\n\t\t\t<h3 class=\"elementor-heading-title elementor-size-default\">Fotografia<\/h3>\t\t<\/div>\n\t\t\t\t<\/div>\n\t\t\t\t<div class=\"elementor-element elementor-element-e528e6c elementor-widget elementor-widget-heading\" data-id=\"e528e6c\" data-element_type=\"widget\" data-widget_type=\"heading.default\">\n\t\t\t\t<div class=\"elementor-widget-container\">\n\t\t\t<h3 class=\"elementor-heading-title elementor-size-default\">Integramos fotografia profissional alinhada com o estilo visual da sua marca.<\/h3>\t\t<\/div>\n\t\t\t\t<\/div>\n\t\t\t\t<\/div>\n\t\t<div class=\"elementor-element elementor-element-1f35c81 e-con-full e-flex e-con e-child\" data-id=\"1f35c81\" data-element_type=\"container\">\n\t\t\t\t<div class=\"elementor-element elementor-element-10812df elementor-widget elementor-widget-heading\" data-id=\"10812df\" data-element_type=\"widget\" data-widget_type=\"heading.default\">\n\t\t\t\t<div class=\"elementor-widget-container\">\n\t\t\t<h3 class=\"elementor-heading-title elementor-size-default\">Brand Guidelines<\/h3>\t\t<\/div>\n\t\t\t\t<\/div>\n\t\t\t\t<div class=\"elementor-element elementor-element-6f3afcc elementor-widget elementor-widget-heading\" data-id=\"6f3afcc\" data-element_type=\"widget\" data-widget_type=\"heading.default\">\n\t\t\t\t<div class=\"elementor-widget-container\">\n\t\t\t<h3 class=\"elementor-heading-title elementor-size-default\">Fornecemos um documento com os elementos visuais e directrizes de uso para a sua correcta aplica\u00e7\u00e3o.<\/h3>\t\t<\/div>\n\t\t\t\t<\/div>\n\t\t\t\t<\/div>\n\t\t<div class=\"elementor-element elementor-element-9b4b60a e-con-full e-flex e-con e-child\" data-id=\"9b4b60a\" data-element_type=\"container\">\n\t\t\t\t<div class=\"elementor-element elementor-element-a0d0c13 elementor-widget elementor-widget-heading\" data-id=\"a0d0c13\" data-element_type=\"widget\" data-widget_type=\"heading.default\">\n\t\t\t\t<div class=\"elementor-widget-container\">\n\t\t\t<h3 class=\"elementor-heading-title elementor-size-default\">Copywriting<\/h3>\t\t<\/div>\n\t\t\t\t<\/div>\n\t\t\t\t<div class=\"elementor-element elementor-element-b69ffd1 elementor-widget elementor-widget-heading\" data-id=\"b69ffd1\" data-element_type=\"widget\" data-widget_type=\"heading.default\">\n\t\t\t\t<div class=\"elementor-widget-container\">\n\t\t\t<h3 class=\"elementor-heading-title elementor-size-default\">Contamos a sua hist\u00f3ria criando engagement atrav\u00e9s da escrita criativa.<\/h3>\t\t<\/div>\n\t\t\t\t<\/div>\n\t\t\t\t<\/div>\n\t\t\t\t<\/div>\n\t\t<div class=\"elementor-element elementor-element-926892b e-con-full elementor-hidden-desktop elementor-hidden-tablet e-flex e-con e-child\" data-id=\"926892b\" data-element_type=\"container\">\n\t\t\t\t<div class=\"elementor-element elementor-element-0b0a0d8 elementor-widget elementor-widget-image\" data-id=\"0b0a0d8\" data-element_type=\"widget\" id=\"blumecirclelogo\" data-widget_type=\"image.default\">\n\t\t\t\t<div class=\"elementor-widget-container\">\n\t\t\t\t\t\t\t\t\t\t\t\t\t<img decoding=\"async\" src=\"https:\/\/blumestudio.pt\/wp-content\/uploads\/2024\/10\/carimbo-blume.svg\" title=\"carimbo-blume\" alt=\"\" loading=\"lazy\" \/>\t\t\t\t\t\t\t\t\t\t\t\t\t<\/div>\n\t\t\t\t<\/div>\n\t\t\t\t<\/div>\n\t\t\t\t<\/div>\n\t\t<div class=\"elementor-element elementor-element-e17748d e-con-full e-flex e-con e-parent\" data-id=\"e17748d\" data-element_type=\"container\">\n\t\t\t\t<div class=\"elementor-element elementor-element-47cb00f elementor-hidden-mobile elementor-widget elementor-widget-spacer\" data-id=\"47cb00f\" data-element_type=\"widget\" data-widget_type=\"spacer.default\">\n\t\t\t\t<div class=\"elementor-widget-container\">\n\t\t\t\t\t<div class=\"elementor-spacer\">\n\t\t\t<div class=\"elementor-spacer-inner\"><\/div>\n\t\t<\/div>\n\t\t\t\t<\/div>\n\t\t\t\t<\/div>\n\t\t\t\t<div class=\"elementor-element elementor-element-ee4e056 elementor-widget elementor-widget-image\" data-id=\"ee4e056\" data-element_type=\"widget\" data-widget_type=\"image.default\">\n\t\t\t\t<div class=\"elementor-widget-container\">\n\t\t\t\t\t\t\t\t\t\t\t\t\t<img fetchpriority=\"high\" decoding=\"async\" width=\"1920\" height=\"1080\" src=\"https:\/\/blumestudio.pt\/wp-content\/uploads\/2024\/10\/branding-1920.jpg\" class=\"attachment-full size-full wp-image-762\" alt=\"\" srcset=\"https:\/\/blumestudio.pt\/wp-content\/uploads\/2024\/10\/branding-1920.jpg 1920w, https:\/\/blumestudio.pt\/wp-content\/uploads\/2024\/10\/branding-1920-300x169.jpg 300w, https:\/\/blumestudio.pt\/wp-content\/uploads\/2024\/10\/branding-1920-1024x576.jpg 1024w, https:\/\/blumestudio.pt\/wp-content\/uploads\/2024\/10\/branding-1920-768x432.jpg 768w, https:\/\/blumestudio.pt\/wp-content\/uploads\/2024\/10\/branding-1920-1536x864.jpg 1536w\" sizes=\"(max-width: 1920px) 100vw, 1920px\" \/>\t\t\t\t\t\t\t\t\t\t\t\t\t<\/div>\n\t\t\t\t<\/div>\n\t\t\t\t<\/div>\n\t\t<div class=\"elementor-element elementor-element-2c0893e e-con-full e-flex e-con e-parent\" data-id=\"2c0893e\" data-element_type=\"container\">\n\t\t\t\t<div class=\"elementor-element elementor-element-d60fe93 elementor-widget elementor-widget-spacer\" data-id=\"d60fe93\" data-element_type=\"widget\" data-widget_type=\"spacer.default\">\n\t\t\t\t<div class=\"elementor-widget-container\">\n\t\t\t\t\t<div class=\"elementor-spacer\">\n\t\t\t<div class=\"elementor-spacer-inner\"><\/div>\n\t\t<\/div>\n\t\t\t\t<\/div>\n\t\t\t\t<\/div>\n\t\t\t\t<\/div>\n\t\t<div class=\"elementor-element elementor-element-4dbee7e e-con-full e-flex e-con e-parent\" data-id=\"4dbee7e\" data-element_type=\"container\" data-settings=\"{&quot;background_background&quot;:&quot;classic&quot;}\">\n\t\t<div class=\"elementor-element elementor-element-6154abd e-con-full elementor-hidden-mobile e-flex e-con e-child\" data-id=\"6154abd\" data-element_type=\"container\">\n\t\t\t\t<\/div>\n\t\t<div class=\"elementor-element elementor-element-75356ab e-con-full e-flex e-con e-child\" data-id=\"75356ab\" data-element_type=\"container\">\n\t\t\t\t<div class=\"elementor-element elementor-element-a58d0f0 elementor-widget elementor-widget-spacer\" data-id=\"a58d0f0\" data-element_type=\"widget\" data-widget_type=\"spacer.default\">\n\t\t\t\t<div class=\"elementor-widget-container\">\n\t\t\t\t\t<div class=\"elementor-spacer\">\n\t\t\t<div class=\"elementor-spacer-inner\"><\/div>\n\t\t<\/div>\n\t\t\t\t<\/div>\n\t\t\t\t<\/div>\n\t\t\t\t<div class=\"elementor-element elementor-element-d0efe55 elementor-widget elementor-widget-heading\" data-id=\"d0efe55\" data-element_type=\"widget\" data-widget_type=\"heading.default\">\n\t\t\t\t<div class=\"elementor-widget-container\">\n\t\t\t<h3 class=\"elementor-heading-title elementor-size-default\">Solicite a sua sess\u00e3o <br> de brainstorming gratuita!<\/h3>\t\t<\/div>\n\t\t\t\t<\/div>\n\t\t\t\t<div class=\"elementor-element elementor-element-96abb29 elementor-widget elementor-widget-heading\" data-id=\"96abb29\" data-element_type=\"widget\" data-widget_type=\"heading.default\">\n\t\t\t\t<div class=\"elementor-widget-container\">\n\t\t\t<h3 class=\"elementor-heading-title elementor-size-default\">Torne a sua marca memor\u00e1vel definindo o posicionamento de marca, voz, identidade e linguagem visual.<\/h3>\t\t<\/div>\n\t\t\t\t<\/div>\n\t\t\t\t<div class=\"elementor-element elementor-element-04ac77f button-underline elementor-align-center elementor-widget elementor-widget-button\" data-id=\"04ac77f\" data-element_type=\"widget\" data-widget_type=\"button.default\">\n\t\t\t\t<div class=\"elementor-widget-container\">\n\t\t\t\t\t<div class=\"elementor-button-wrapper\">\n\t\t\t<a class=\"elementor-button elementor-button-link elementor-size-sm\" href=\"#elementor-action%3Aaction%3Dpopup%3Aopen%26settings%3DeyJpZCI6IjI0NyIsInRvZ2dsZSI6ZmFsc2V9\">\n\t\t\t\t\t\t<span class=\"elementor-button-content-wrapper\">\n\t\t\t\t\t\t\t\t\t<span class=\"elementor-button-text\">Marque aqui a sua call<\/span>\n\t\t\t\t\t<\/span>\n\t\t\t\t\t<\/a>\n\t\t<\/div>\n\t\t\t\t<\/div>\n\t\t\t\t<\/div>\n\t\t\t\t<div class=\"elementor-element elementor-element-260846d elementor-widget elementor-widget-spacer\" data-id=\"260846d\" data-element_type=\"widget\" data-widget_type=\"spacer.default\">\n\t\t\t\t<div class=\"elementor-widget-container\">\n\t\t\t\t\t<div class=\"elementor-spacer\">\n\t\t\t<div class=\"elementor-spacer-inner\"><\/div>\n\t\t<\/div>\n\t\t\t\t<\/div>\n\t\t\t\t<\/div>\n\t\t\t\t<\/div>\n\t\t<div class=\"elementor-element elementor-element-59ca469 e-con-full elementor-hidden-mobile e-flex e-con e-child\" data-id=\"59ca469\" data-element_type=\"container\">\n\t\t\t\t<\/div>\n\t\t\t\t<\/div>\n\t\t<div class=\"elementor-element elementor-element-650e795 e-con-full e-flex e-con e-parent\" data-id=\"650e795\" data-element_type=\"container\">\n\t\t\t\t<div class=\"elementor-element elementor-element-489082f elementor-widget elementor-widget-html\" data-id=\"489082f\" data-element_type=\"widget\" data-widget_type=\"html.default\">\n\t\t\t\t<div class=\"elementor-widget-container\">\n\t\t\t<script>\r\nfunction Marquee(selector, speed) {\r\n  const parent = document.querySelector(selector);\r\n  const clone = parent.innerHTML;\r\n  let i = 0;\r\n  parent.innerHTML += clone;\r\n\r\n  setInterval(() => {\r\n    i += speed;\r\n    if (i >= parent.children[0].clientWidth) i = 0;\r\n    parent.children[0].style.marginLeft = `-${i}px`;\r\n  }, 0);\r\n}\r\n\r\nwindow.addEventListener('load', () => Marquee('.marquee', .5));\r\n<\/script>\t\t<\/div>\n\t\t\t\t<\/div>\n\t\t\t\t<div class=\"elementor-element elementor-element-f87529b elementor-widget elementor-widget-spacer\" data-id=\"f87529b\" data-element_type=\"widget\" data-widget_type=\"spacer.default\">\n\t\t\t\t<div class=\"elementor-widget-container\">\n\t\t\t\t\t<div class=\"elementor-spacer\">\n\t\t\t<div class=\"elementor-spacer-inner\"><\/div>\n\t\t<\/div>\n\t\t\t\t<\/div>\n\t\t\t\t<\/div>\n\t\t<div class=\"elementor-element elementor-element-c8e9e75 e-con-full e-flex e-con e-child\" data-id=\"c8e9e75\" data-element_type=\"container\">\n\t\t\t\t<div class=\"elementor-element elementor-element-24fb896 marquee elementor-widget elementor-widget-heading\" data-id=\"24fb896\" data-element_type=\"widget\" data-widget_type=\"heading.default\">\n\t\t\t\t<div class=\"elementor-widget-container\">\n\t\t\t<h3 class=\"elementor-heading-title elementor-size-default\"><a href=\"https:\/\/blumestudio.pt\/pt\/brand-communication\/\">Comunica\u00e7\u00e3o de Marca - Comunica\u00e7\u00e3o de Marca - Comunica\u00e7\u00e3o de Marca - Comunica\u00e7\u00e3o de Marca -&nbsp;<\/a><\/h3>\t\t<\/div>\n\t\t\t\t<\/div>\n\t\t\t\t<\/div>\n\t\t\t\t<div class=\"elementor-element elementor-element-8b6cbae elementor-widget elementor-widget-spacer\" data-id=\"8b6cbae\" data-element_type=\"widget\" data-widget_type=\"spacer.default\">\n\t\t\t\t<div class=\"elementor-widget-container\">\n\t\t\t\t\t<div class=\"elementor-spacer\">\n\t\t\t<div class=\"elementor-spacer-inner\"><\/div>\n\t\t<\/div>\n\t\t\t\t<\/div>\n\t\t\t\t<\/div>\n\t\t\t\t<\/div>\n\t\t\t\t<\/div>","protected":false},"excerpt":{"rendered":"<p>Branding We combine brand strategy with creativity to define your brand positioning and to leave a memorable impact within your audience. Brand Discovery Process Dive deep into your brand&#8217;s essence to uncover its unique attributes and values. Brand Name Craft a memorable and meaningful name that resonates with your audience. Brand Strategy Develop a strategic [&hellip;]<\/p>","protected":false},"author":2,"featured_media":0,"parent":0,"menu_order":0,"comment_status":"closed","ping_status":"closed","template":"","meta":{"footnotes":""},"class_list":["post-294","page","type-page","status-publish","hentry"],"acf":[],"_links":{"self":[{"href":"https:\/\/blumestudio.pt\/pt\/wp-json\/wp\/v2\/pages\/294","targetHints":{"allow":["GET"]}}],"collection":[{"href":"https:\/\/blumestudio.pt\/pt\/wp-json\/wp\/v2\/pages"}],"about":[{"href":"https:\/\/blumestudio.pt\/pt\/wp-json\/wp\/v2\/types\/page"}],"author":[{"embeddable":true,"href":"https:\/\/blumestudio.pt\/pt\/wp-json\/wp\/v2\/users\/2"}],"replies":[{"embeddable":true,"href":"https:\/\/blumestudio.pt\/pt\/wp-json\/wp\/v2\/comments?post=294"}],"version-history":[{"count":103,"href":"https:\/\/blumestudio.pt\/pt\/wp-json\/wp\/v2\/pages\/294\/revisions"}],"predecessor-version":[{"id":1497,"href":"https:\/\/blumestudio.pt\/pt\/wp-json\/wp\/v2\/pages\/294\/revisions\/1497"}],"wp:attachment":[{"href":"https:\/\/blumestudio.pt\/pt\/wp-json\/wp\/v2\/media?parent=294"}],"curies":[{"name":"wp","href":"https:\/\/api.w.org\/{rel}","templated":true}]}}