{"id":256,"date":"2024-10-23T14:03:19","date_gmt":"2024-10-23T14:03:19","guid":{"rendered":"https:\/\/blumestudio.pt\/?page_id=256"},"modified":"2025-03-07T10:41:34","modified_gmt":"2025-03-07T10:41:34","slug":"studio","status":"publish","type":"page","link":"https:\/\/blumestudio.pt\/pt\/studio\/","title":{"rendered":"Studio"},"content":{"rendered":"<div data-elementor-type=\"wp-page\" data-elementor-id=\"256\" class=\"elementor elementor-256\" data-elementor-post-type=\"page\">\n\t\t\t\t<div class=\"elementor-element elementor-element-0cecfdd e-flex e-con-boxed e-con e-parent\" data-id=\"0cecfdd\" data-element_type=\"container\">\n\t\t\t\t\t<div class=\"e-con-inner\">\n\t\t\t\t<div class=\"elementor-element elementor-element-c30f0be elementor-hidden-mobile elementor-widget elementor-widget-spacer\" data-id=\"c30f0be\" data-element_type=\"widget\" data-widget_type=\"spacer.default\">\n\t\t\t\t<div class=\"elementor-widget-container\">\n\t\t\t\t\t<div class=\"elementor-spacer\">\n\t\t\t<div class=\"elementor-spacer-inner\"><\/div>\n\t\t<\/div>\n\t\t\t\t<\/div>\n\t\t\t\t<\/div>\n\t\t\t\t\t<\/div>\n\t\t\t\t<\/div>\n\t\t<div class=\"elementor-element elementor-element-0d3a4e5 e-con-full e-flex e-con e-parent\" data-id=\"0d3a4e5\" data-element_type=\"container\">\n\t\t<div class=\"elementor-element elementor-element-733b71f e-con-full e-flex e-con e-child\" data-id=\"733b71f\" data-element_type=\"container\">\n\t\t\t\t<div class=\"elementor-element elementor-element-b7e52cf elementor-widget elementor-widget-heading\" data-id=\"b7e52cf\" data-element_type=\"widget\" data-widget_type=\"heading.default\">\n\t\t\t\t<div class=\"elementor-widget-container\">\n\t\t\t<h1 class=\"elementor-heading-title elementor-size-default\">Somos uma boutique criativa com a vis\u00e3o de despertar inspira\u00e7\u00e3o e beleza atrav\u00e9s de design cativante e experi\u00eancias web envolventes.<\/h1>\t\t<\/div>\n\t\t\t\t<\/div>\n\t\t\t\t<div class=\"elementor-element elementor-element-c1d6208 elementor-widget elementor-widget-spacer\" data-id=\"c1d6208\" data-element_type=\"widget\" data-widget_type=\"spacer.default\">\n\t\t\t\t<div class=\"elementor-widget-container\">\n\t\t\t\t\t<div class=\"elementor-spacer\">\n\t\t\t<div class=\"elementor-spacer-inner\"><\/div>\n\t\t<\/div>\n\t\t\t\t<\/div>\n\t\t\t\t<\/div>\n\t\t\t\t<\/div>\n\t\t<div class=\"elementor-element elementor-element-178566d e-con-full elementor-hidden-mobile e-flex e-con e-child\" data-id=\"178566d\" data-element_type=\"container\">\n\t\t\t\t<\/div>\n\t\t<div class=\"elementor-element elementor-element-aa93bad e-con-full e-flex e-con e-child\" data-id=\"aa93bad\" data-element_type=\"container\">\n\t\t\t\t<div class=\"elementor-element elementor-element-d18dc35 elementor-widget elementor-widget-heading\" data-id=\"d18dc35\" data-element_type=\"widget\" data-widget_type=\"heading.default\">\n\t\t\t\t<div class=\"elementor-widget-container\">\n\t\t\t<h3 class=\"elementor-heading-title elementor-size-default\">Expertise<\/h3>\t\t<\/div>\n\t\t\t\t<\/div>\n\t\t\t\t<\/div>\n\t\t<div class=\"elementor-element elementor-element-db9f814 e-con-full e-flex e-con e-child\" data-id=\"db9f814\" data-element_type=\"container\">\n\t\t\t\t<div class=\"elementor-element elementor-element-cb20301 elementor-widget elementor-widget-heading\" data-id=\"cb20301\" data-element_type=\"widget\" data-widget_type=\"heading.default\">\n\t\t\t\t<div class=\"elementor-widget-container\">\n\t\t\t<h3 class=\"elementor-heading-title elementor-size-default\">Abordagem centrada no Cliente<\/h3>\t\t<\/div>\n\t\t\t\t<\/div>\n\t\t\t\t<\/div>\n\t\t<div class=\"elementor-element elementor-element-6e5c003 e-con-full e-flex e-con e-child\" data-id=\"6e5c003\" data-element_type=\"container\">\n\t\t\t\t<div class=\"elementor-element elementor-element-21fe58f elementor-widget elementor-widget-heading\" data-id=\"21fe58f\" data-element_type=\"widget\" data-widget_type=\"heading.default\">\n\t\t\t\t<div class=\"elementor-widget-container\">\n\t\t\t<h3 class=\"elementor-heading-title elementor-size-default\">Forma\u00e7\u00e3o cont\u00ednua<\/h3>\t\t<\/div>\n\t\t\t\t<\/div>\n\t\t\t\t<\/div>\n\t\t\t\t<\/div>\n\t\t<div class=\"elementor-element elementor-element-3998a5b e-con-full e-flex e-con e-parent\" data-id=\"3998a5b\" data-element_type=\"container\">\n\t\t\t\t<div class=\"elementor-element elementor-element-07d4883 elementor-widget elementor-widget-image\" data-id=\"07d4883\" data-element_type=\"widget\" data-widget_type=\"image.default\">\n\t\t\t\t<div class=\"elementor-widget-container\">\n\t\t\t\t\t\t\t\t\t\t\t\t\t<img fetchpriority=\"high\" decoding=\"async\" width=\"1920\" height=\"1080\" src=\"https:\/\/blumestudio.pt\/wp-content\/uploads\/2024\/10\/founder-1920.jpg\" class=\"attachment-full size-full wp-image-259\" alt=\"\" srcset=\"https:\/\/blumestudio.pt\/wp-content\/uploads\/2024\/10\/founder-1920.jpg 1920w, https:\/\/blumestudio.pt\/wp-content\/uploads\/2024\/10\/founder-1920-300x169.jpg 300w, https:\/\/blumestudio.pt\/wp-content\/uploads\/2024\/10\/founder-1920-1024x576.jpg 1024w, https:\/\/blumestudio.pt\/wp-content\/uploads\/2024\/10\/founder-1920-768x432.jpg 768w, https:\/\/blumestudio.pt\/wp-content\/uploads\/2024\/10\/founder-1920-1536x864.jpg 1536w\" sizes=\"(max-width: 1920px) 100vw, 1920px\" \/>\t\t\t\t\t\t\t\t\t\t\t\t\t<\/div>\n\t\t\t\t<\/div>\n\t\t\t\t<div class=\"elementor-element elementor-element-b6638a3 elementor-widget elementor-widget-spacer\" data-id=\"b6638a3\" data-element_type=\"widget\" data-widget_type=\"spacer.default\">\n\t\t\t\t<div class=\"elementor-widget-container\">\n\t\t\t\t\t<div class=\"elementor-spacer\">\n\t\t\t<div class=\"elementor-spacer-inner\"><\/div>\n\t\t<\/div>\n\t\t\t\t<\/div>\n\t\t\t\t<\/div>\n\t\t\t\t<\/div>\n\t\t<div class=\"elementor-element elementor-element-95d2dbb e-con-full e-flex e-con e-parent\" data-id=\"95d2dbb\" data-element_type=\"container\">\n\t\t<div class=\"elementor-element elementor-element-fd8adc4 e-con-full elementor-hidden-mobile e-flex e-con e-child\" data-id=\"fd8adc4\" data-element_type=\"container\">\n\t\t\t\t<\/div>\n\t\t<div class=\"elementor-element elementor-element-2547cc9 e-con-full e-flex e-con e-child\" data-id=\"2547cc9\" data-element_type=\"container\">\n\t\t\t\t<div class=\"elementor-element elementor-element-b487670 elementor-widget elementor-widget-heading\" data-id=\"b487670\" data-element_type=\"widget\" data-widget_type=\"heading.default\">\n\t\t\t\t<div class=\"elementor-widget-container\">\n\t\t\t<h3 class=\"elementor-heading-title elementor-size-default\">Fundadoras\n<br><br>\nAndreia Ara\u00fajo \u00e9 a Diretora Criativa \u00e0 frente de cada marca e a Cheila Cardoso respons\u00e1vel pela Estrat\u00e9gia e Gest\u00e3o de Projeto, garantindo que todos os projectos s\u00e3o conduzidos devidamente, da concep\u00e7\u00e3o \u00e0 finaliza\u00e7\u00e3o.\n<br><br>\nCom mais de 15 anos de experi\u00eancia na \u00e1rea criativa e da comunica\u00e7\u00e3o, juntas, conduzimos uma equipa talentosa de designers, copywriters, programadores, artistas 3D e v\u00eddeografos.<\/h3>\t\t<\/div>\n\t\t\t\t<\/div>\n\t\t\t\t<\/div>\n\t\t\t\t<\/div>\n\t\t<div class=\"elementor-element elementor-element-5e604b0 e-flex e-con-boxed e-con e-parent\" data-id=\"5e604b0\" data-element_type=\"container\">\n\t\t\t\t\t<div class=\"e-con-inner\">\n\t\t\t\t<div class=\"elementor-element elementor-element-7f45816 elementor-widget elementor-widget-spacer\" data-id=\"7f45816\" data-element_type=\"widget\" data-widget_type=\"spacer.default\">\n\t\t\t\t<div class=\"elementor-widget-container\">\n\t\t\t\t\t<div class=\"elementor-spacer\">\n\t\t\t<div class=\"elementor-spacer-inner\"><\/div>\n\t\t<\/div>\n\t\t\t\t<\/div>\n\t\t\t\t<\/div>\n\t\t\t\t\t<\/div>\n\t\t\t\t<\/div>\n\t\t<div class=\"elementor-element elementor-element-3c27813 e-con-full e-flex e-con e-parent\" data-id=\"3c27813\" data-element_type=\"container\">\n\t\t\t\t<div class=\"elementor-element elementor-element-bb4c421 elementor-widget elementor-widget-html\" data-id=\"bb4c421\" data-element_type=\"widget\" data-widget_type=\"html.default\">\n\t\t\t\t<div class=\"elementor-widget-container\">\n\t\t\t<script>\r\nfunction Marquee(selector, speed) {\r\n  const parent = document.querySelector(selector);\r\n  const clone = parent.innerHTML;\r\n  let i = 0;\r\n  parent.innerHTML += clone;\r\n\r\n  setInterval(() => {\r\n    i += speed;\r\n    if (i >= parent.children[0].clientWidth) i = 0;\r\n    parent.children[0].style.marginLeft = `-${i}px`;\r\n  }, 0);\r\n}\r\n\r\nwindow.addEventListener('load', () => Marquee('.marquee', .5));\r\n<\/script>\r\n<script>\r\nfunction Marquee2(selector, speed) {\r\n  const parent = document.querySelector(selector);\r\n  const clone = parent.innerHTML;\r\n  let i = parent.children[0].clientWidth;\r\n  parent.innerHTML += clone + clone; \r\n  const totalWidth = parent.children[0].clientWidth * 2;\r\n\r\n  setInterval(() => {\r\n    i -= speed;\r\n    if (i <= 0) i = totalWidth;\r\n    parent.children[0].style.marginLeft = `-${i}px`;\r\n  }, 0);\r\n}\r\n\r\nwindow.addEventListener('load', () => Marquee2('.marquee2', .5));\r\n<\/script>\r\n<script>\r\nfunction Marquee3(selector, speed) {\r\n  const parent = document.querySelector(selector);\r\n  const clone = parent.innerHTML;\r\n  let i = 0;\r\n  parent.innerHTML += clone;\r\n\r\n  setInterval(() => {\r\n    i += speed;\r\n    if (i >= parent.children[0].clientWidth) i = 0;\r\n    parent.children[0].style.marginLeft = `-${i}px`;\r\n  }, 0);\r\n}\r\n\r\nwindow.addEventListener('load', () => Marquee3('.marquee3', .5));\r\n<\/script>\t\t<\/div>\n\t\t\t\t<\/div>\n\t\t\t\t<div class=\"elementor-element elementor-element-6273a43 marquee elementor-widget elementor-widget-heading\" data-id=\"6273a43\" data-element_type=\"widget\" data-widget_type=\"heading.default\">\n\t\t\t\t<div class=\"elementor-widget-container\">\n\t\t\t<h2 class=\"elementor-heading-title elementor-size-default\">Branding\u00a0-\u00a0Comunica\u00e7\u00e3o de marca\u00a0-\u00a0Websites\u00a0-\u00a0Real Estate Marketing\u00a0-&nbsp;<\/h2>\t\t<\/div>\n\t\t\t\t<\/div>\n\t\t\t\t<div class=\"elementor-element elementor-element-6612849 marquee2 elementor-widget elementor-widget-heading\" data-id=\"6612849\" data-element_type=\"widget\" data-widget_type=\"heading.default\">\n\t\t\t\t<div class=\"elementor-widget-container\">\n\t\t\t<h2 class=\"elementor-heading-title elementor-size-default\">Branding\u00a0-\u00a0Comunica\u00e7\u00e3o de marca\u00a0-\u00a0Websites\u00a0-\u00a0Real Estate Marketing\u00a0-&nbsp;<\/h2>\t\t<\/div>\n\t\t\t\t<\/div>\n\t\t\t\t<div class=\"elementor-element elementor-element-325761a marquee3 elementor-widget elementor-widget-heading\" data-id=\"325761a\" data-element_type=\"widget\" data-widget_type=\"heading.default\">\n\t\t\t\t<div class=\"elementor-widget-container\">\n\t\t\t<h2 class=\"elementor-heading-title elementor-size-default\">Comunica\u00e7\u00e3o de marca\u00a0-\u00a0Websites\u00a0-\u00a0Real Estate Marketing\u00a0- Branding\u00a0-&nbsp;<\/h2>\t\t<\/div>\n\t\t\t\t<\/div>\n\t\t\t\t<\/div>\n\t\t<div class=\"elementor-element elementor-element-72645c3 e-flex e-con-boxed e-con e-parent\" data-id=\"72645c3\" data-element_type=\"container\">\n\t\t\t\t\t<div class=\"e-con-inner\">\n\t\t\t\t<div class=\"elementor-element elementor-element-d60a576 elementor-widget elementor-widget-spacer\" data-id=\"d60a576\" data-element_type=\"widget\" data-widget_type=\"spacer.default\">\n\t\t\t\t<div class=\"elementor-widget-container\">\n\t\t\t\t\t<div class=\"elementor-spacer\">\n\t\t\t<div class=\"elementor-spacer-inner\"><\/div>\n\t\t<\/div>\n\t\t\t\t<\/div>\n\t\t\t\t<\/div>\n\t\t\t\t\t<\/div>\n\t\t\t\t<\/div>\n\t\t<div class=\"elementor-element elementor-element-d6ab5a9 e-con-full e-flex e-con e-parent\" data-id=\"d6ab5a9\" data-element_type=\"container\">\n\t\t\t\t<div class=\"elementor-element elementor-element-85adfdc elementor-widget elementor-widget-image\" data-id=\"85adfdc\" data-element_type=\"widget\" data-widget_type=\"image.default\">\n\t\t\t\t<div class=\"elementor-widget-container\">\n\t\t\t\t\t\t\t\t\t\t\t\t\t<img decoding=\"async\" width=\"1920\" height=\"1080\" src=\"https:\/\/blumestudio.pt\/wp-content\/uploads\/2024\/10\/blume-paper-1920.jpg\" class=\"attachment-full size-full wp-image-260\" alt=\"\" srcset=\"https:\/\/blumestudio.pt\/wp-content\/uploads\/2024\/10\/blume-paper-1920.jpg 1920w, https:\/\/blumestudio.pt\/wp-content\/uploads\/2024\/10\/blume-paper-1920-300x169.jpg 300w, https:\/\/blumestudio.pt\/wp-content\/uploads\/2024\/10\/blume-paper-1920-1024x576.jpg 1024w, https:\/\/blumestudio.pt\/wp-content\/uploads\/2024\/10\/blume-paper-1920-768x432.jpg 768w, https:\/\/blumestudio.pt\/wp-content\/uploads\/2024\/10\/blume-paper-1920-1536x864.jpg 1536w\" sizes=\"(max-width: 1920px) 100vw, 1920px\" \/>\t\t\t\t\t\t\t\t\t\t\t\t\t<\/div>\n\t\t\t\t<\/div>\n\t\t\t\t<\/div>\n\t\t<div class=\"elementor-element elementor-element-7d43598 e-con-full e-flex e-con e-parent\" data-id=\"7d43598\" data-element_type=\"container\">\n\t\t<div class=\"elementor-element elementor-element-097ad03 e-con-full e-flex e-con e-child\" data-id=\"097ad03\" data-element_type=\"container\">\n\t\t\t\t<div class=\"elementor-element elementor-element-b15ad32 elementor-widget elementor-widget-spacer\" data-id=\"b15ad32\" data-element_type=\"widget\" data-widget_type=\"spacer.default\">\n\t\t\t\t<div class=\"elementor-widget-container\">\n\t\t\t\t\t<div class=\"elementor-spacer\">\n\t\t\t<div class=\"elementor-spacer-inner\"><\/div>\n\t\t<\/div>\n\t\t\t\t<\/div>\n\t\t\t\t<\/div>\n\t\t\t\t<div class=\"elementor-element elementor-element-526069d elementor-widget elementor-widget-heading\" data-id=\"526069d\" data-element_type=\"widget\" data-widget_type=\"heading.default\">\n\t\t\t\t<div class=\"elementor-widget-container\">\n\t\t\t<h3 class=\"elementor-heading-title elementor-size-default\">Servi\u00e7os<\/h3>\t\t<\/div>\n\t\t\t\t<\/div>\n\t\t\t\t<div class=\"elementor-element elementor-element-e524b20 elementor-widget-divider--view-line elementor-widget elementor-widget-divider\" data-id=\"e524b20\" data-element_type=\"widget\" data-widget_type=\"divider.default\">\n\t\t\t\t<div class=\"elementor-widget-container\">\n\t\t\t\t\t<div class=\"elementor-divider\">\n\t\t\t<span class=\"elementor-divider-separator\">\n\t\t\t\t\t\t<\/span>\n\t\t<\/div>\n\t\t\t\t<\/div>\n\t\t\t\t<\/div>\n\t\t<div class=\"elementor-element elementor-element-af56708 e-con-full e-flex e-con e-child\" data-id=\"af56708\" data-element_type=\"container\">\n\t\t<div class=\"elementor-element elementor-element-3bee7eb e-con-full elementor-hidden-mobile e-flex e-con e-child\" data-id=\"3bee7eb\" data-element_type=\"container\">\n\t\t\t\t<\/div>\n\t\t\t\t<div class=\"elementor-element elementor-element-9bdb04f elementor-hidden-desktop elementor-hidden-tablet elementor-icon-list--layout-traditional elementor-list-item-link-full_width elementor-widget elementor-widget-icon-list\" data-id=\"9bdb04f\" data-element_type=\"widget\" data-widget_type=\"icon-list.default\">\n\t\t\t\t<div class=\"elementor-widget-container\">\n\t\t\t\t\t<ul class=\"elementor-icon-list-items\">\n\t\t\t\t\t\t\t<li class=\"elementor-icon-list-item\">\n\t\t\t\t\t\t\t\t\t\t\t<a href=\"https:\/\/blumestudio.pt\/pt\/branding\/\">\n\n\t\t\t\t\t\t\t\t\t\t\t<span class=\"elementor-icon-list-text\">Branding +<\/span>\n\t\t\t\t\t\t\t\t\t\t\t<\/a>\n\t\t\t\t\t\t\t\t\t<\/li>\n\t\t\t\t\t\t\t\t<li class=\"elementor-icon-list-item\">\n\t\t\t\t\t\t\t\t\t\t\t<a href=\"https:\/\/blumestudio.pt\/pt\/brand-communication\/\">\n\n\t\t\t\t\t\t\t\t\t\t\t<span class=\"elementor-icon-list-text\">Communication +<\/span>\n\t\t\t\t\t\t\t\t\t\t\t<\/a>\n\t\t\t\t\t\t\t\t\t<\/li>\n\t\t\t\t\t\t\t\t<li class=\"elementor-icon-list-item\">\n\t\t\t\t\t\t\t\t\t\t\t<a href=\"https:\/\/blumestudio.pt\/pt\/websites\/\">\n\n\t\t\t\t\t\t\t\t\t\t\t<span class=\"elementor-icon-list-text\">Websites +<\/span>\n\t\t\t\t\t\t\t\t\t\t\t<\/a>\n\t\t\t\t\t\t\t\t\t<\/li>\n\t\t\t\t\t\t\t\t<li class=\"elementor-icon-list-item\">\n\t\t\t\t\t\t\t\t\t\t\t<a href=\"https:\/\/blumestudio.pt\/pt\/real-estate-marketing\/\">\n\n\t\t\t\t\t\t\t\t\t\t\t<span class=\"elementor-icon-list-text\">Real Estate +<\/span>\n\t\t\t\t\t\t\t\t\t\t\t<\/a>\n\t\t\t\t\t\t\t\t\t<\/li>\n\t\t\t\t\t\t<\/ul>\n\t\t\t\t<\/div>\n\t\t\t\t<\/div>\n\t\t\t\t<div class=\"elementor-element elementor-element-806563d elementor-hidden-mobile elementor-icon-list--layout-traditional elementor-list-item-link-full_width elementor-widget elementor-widget-icon-list\" data-id=\"806563d\" data-element_type=\"widget\" data-widget_type=\"icon-list.default\">\n\t\t\t\t<div class=\"elementor-widget-container\">\n\t\t\t\t\t<ul class=\"elementor-icon-list-items\">\n\t\t\t\t\t\t\t<li class=\"elementor-icon-list-item\">\n\t\t\t\t\t\t\t\t\t\t\t<a href=\"https:\/\/blumestudio.pt\/pt\/branding\/\">\n\n\t\t\t\t\t\t\t\t\t\t\t<span class=\"elementor-icon-list-text\">Branding +<\/span>\n\t\t\t\t\t\t\t\t\t\t\t<\/a>\n\t\t\t\t\t\t\t\t\t<\/li>\n\t\t\t\t\t\t\t\t<li class=\"elementor-icon-list-item\">\n\t\t\t\t\t\t\t\t\t\t\t<a href=\"https:\/\/blumestudio.pt\/pt\/brand-communication\/\">\n\n\t\t\t\t\t\t\t\t\t\t\t<span class=\"elementor-icon-list-text\">Comunica\u00e7\u00e3o de Marca +<\/span>\n\t\t\t\t\t\t\t\t\t\t\t<\/a>\n\t\t\t\t\t\t\t\t\t<\/li>\n\t\t\t\t\t\t\t\t<li class=\"elementor-icon-list-item\">\n\t\t\t\t\t\t\t\t\t\t\t<a href=\"https:\/\/blumestudio.pt\/pt\/websites\/\">\n\n\t\t\t\t\t\t\t\t\t\t\t<span class=\"elementor-icon-list-text\">Websites +<\/span>\n\t\t\t\t\t\t\t\t\t\t\t<\/a>\n\t\t\t\t\t\t\t\t\t<\/li>\n\t\t\t\t\t\t\t\t<li class=\"elementor-icon-list-item\">\n\t\t\t\t\t\t\t\t\t\t\t<a href=\"https:\/\/blumestudio.pt\/pt\/real-estate-marketing\/\">\n\n\t\t\t\t\t\t\t\t\t\t\t<span class=\"elementor-icon-list-text\">Real Estate Marketing +<\/span>\n\t\t\t\t\t\t\t\t\t\t\t<\/a>\n\t\t\t\t\t\t\t\t\t<\/li>\n\t\t\t\t\t\t<\/ul>\n\t\t\t\t<\/div>\n\t\t\t\t<\/div>\n\t\t\t\t<\/div>\n\t\t\t\t<div class=\"elementor-element elementor-element-d40d429 elementor-widget elementor-widget-spacer\" data-id=\"d40d429\" data-element_type=\"widget\" data-widget_type=\"spacer.default\">\n\t\t\t\t<div class=\"elementor-widget-container\">\n\t\t\t\t\t<div class=\"elementor-spacer\">\n\t\t\t<div class=\"elementor-spacer-inner\"><\/div>\n\t\t<\/div>\n\t\t\t\t<\/div>\n\t\t\t\t<\/div>\n\t\t\t\t<\/div>\n\t\t\t\t<\/div>\n\t\t<div class=\"elementor-element elementor-element-8169240 e-con-full e-flex e-con e-parent\" data-id=\"8169240\" data-element_type=\"container\" data-settings=\"{&quot;background_background&quot;:&quot;classic&quot;}\">\n\t\t<div class=\"elementor-element elementor-element-49a36b3 e-con-full e-flex e-con e-child\" data-id=\"49a36b3\" data-element_type=\"container\">\n\t\t\t\t<div class=\"elementor-element elementor-element-23a375f elementor-widget elementor-widget-spacer\" data-id=\"23a375f\" data-element_type=\"widget\" data-widget_type=\"spacer.default\">\n\t\t\t\t<div class=\"elementor-widget-container\">\n\t\t\t\t\t<div class=\"elementor-spacer\">\n\t\t\t<div class=\"elementor-spacer-inner\"><\/div>\n\t\t<\/div>\n\t\t\t\t<\/div>\n\t\t\t\t<\/div>\n\t\t\t\t<\/div>\n\t\t<div class=\"elementor-element elementor-element-3671613 e-con-full e-flex e-con e-child\" data-id=\"3671613\" data-element_type=\"container\">\n\t\t<div class=\"elementor-element elementor-element-b47ba8c e-con-full e-flex e-con e-child\" data-id=\"b47ba8c\" data-element_type=\"container\">\n\t\t\t\t<div class=\"elementor-element elementor-element-aabbfdd elementor-widget elementor-widget-heading\" data-id=\"aabbfdd\" data-element_type=\"widget\" data-widget_type=\"heading.default\">\n\t\t\t\t<div class=\"elementor-widget-container\">\n\t\t\t<h3 class=\"elementor-heading-title elementor-size-default\">Para n\u00f3s, a hist\u00f3ria \u00fanica de cada marca deve ser trazida com criatividade e com impacto digital para que se destinga e seja relevante para os seus clientes.<\/h3>\t\t<\/div>\n\t\t\t\t<\/div>\n\t\t\t\t<\/div>\n\t\t<div class=\"elementor-element elementor-element-1a6d89b e-con-full elementor-hidden-mobile e-flex e-con e-child\" data-id=\"1a6d89b\" data-element_type=\"container\">\n\t\t\t\t<\/div>\n\t\t\t\t<\/div>\n\t\t<div class=\"elementor-element elementor-element-b0de8b5 e-con-full e-flex e-con e-child\" data-id=\"b0de8b5\" data-element_type=\"container\">\n\t\t<div class=\"elementor-element elementor-element-9a0cd93 e-con-full e-flex e-con e-child\" data-id=\"9a0cd93\" data-element_type=\"container\">\n\t\t\t\t<\/div>\n\t\t<div class=\"elementor-element elementor-element-be1bf87 e-con-full e-flex e-con e-child\" data-id=\"be1bf87\" data-element_type=\"container\">\n\t\t\t\t<div class=\"elementor-element elementor-element-a45429f elementor-widget elementor-widget-heading\" data-id=\"a45429f\" data-element_type=\"widget\" data-widget_type=\"heading.default\">\n\t\t\t\t<div class=\"elementor-widget-container\">\n\t\t\t<h3 class=\"elementor-heading-title elementor-size-default\">Estamos sempre \u00e0 procura de talento.<br>\nSe \u00e9s Brand ou Web designer, Copywriter, Webflow, Framer ou Wordpress developer, envia-nos uma mensagem.\n<\/h3>\t\t<\/div>\n\t\t\t\t<\/div>\n\t\t\t\t<div class=\"elementor-element elementor-element-00f4f4f button-underline elementor-widget elementor-widget-button\" data-id=\"00f4f4f\" data-element_type=\"widget\" data-widget_type=\"button.default\">\n\t\t\t\t<div class=\"elementor-widget-container\">\n\t\t\t\t\t<div class=\"elementor-button-wrapper\">\n\t\t\t<a class=\"elementor-button elementor-button-link elementor-size-sm\" href=\"mailto:hello@blumestudio.pt\">\n\t\t\t\t\t\t<span class=\"elementor-button-content-wrapper\">\n\t\t\t\t\t\t\t\t\t<span class=\"elementor-button-text\">hello@blumestudio.pt<\/span>\n\t\t\t\t\t<\/span>\n\t\t\t\t\t<\/a>\n\t\t<\/div>\n\t\t\t\t<\/div>\n\t\t\t\t<\/div>\n\t\t\t\t<\/div>\n\t\t\t\t<\/div>\n\t\t<div class=\"elementor-element elementor-element-c9e5f11 e-con-full e-flex e-con e-child\" data-id=\"c9e5f11\" data-element_type=\"container\">\n\t\t\t\t<\/div>\n\t\t\t\t<\/div>\n\t\t<div class=\"elementor-element elementor-element-ae8e017 e-con-full e-flex e-con e-parent\" data-id=\"ae8e017\" data-element_type=\"container\">\n\t\t\t\t<div class=\"elementor-element elementor-element-8fb2be6 elementor-widget elementor-widget-html\" data-id=\"8fb2be6\" data-element_type=\"widget\" data-widget_type=\"html.default\">\n\t\t\t\t<div class=\"elementor-widget-container\">\n\t\t\t<script>\r\nfunction Marquee4(selector, speed) {\r\n  const parent = document.querySelector(selector);\r\n  const clone = parent.innerHTML;\r\n  let i = 0;\r\n  parent.innerHTML += clone;\r\n\r\n  setInterval(() => {\r\n    i += speed;\r\n    if (i >= parent.children[0].clientWidth) i = 0;\r\n    parent.children[0].style.marginLeft = `-${i}px`;\r\n  }, 0);\r\n}\r\n\r\nwindow.addEventListener('load', () => Marquee4('.marquee4', .5));\r\n<\/script>\t\t<\/div>\n\t\t\t\t<\/div>\n\t\t\t\t<div class=\"elementor-element elementor-element-6f8c1a6 elementor-widget elementor-widget-spacer\" data-id=\"6f8c1a6\" data-element_type=\"widget\" data-widget_type=\"spacer.default\">\n\t\t\t\t<div class=\"elementor-widget-container\">\n\t\t\t\t\t<div class=\"elementor-spacer\">\n\t\t\t<div class=\"elementor-spacer-inner\"><\/div>\n\t\t<\/div>\n\t\t\t\t<\/div>\n\t\t\t\t<\/div>\n\t\t<div class=\"elementor-element elementor-element-d1de45e e-con-full e-flex e-con e-child\" data-id=\"d1de45e\" data-element_type=\"container\">\n\t\t\t\t<div class=\"elementor-element elementor-element-9140bb9 marquee4 elementor-widget elementor-widget-heading\" data-id=\"9140bb9\" data-element_type=\"widget\" data-widget_type=\"heading.default\">\n\t\t\t\t<div class=\"elementor-widget-container\">\n\t\t\t<h3 class=\"elementor-heading-title elementor-size-default\"><a href=\"https:\/\/blumestudio.pt\/pt\/project\/\">Veja todos os nossos projectos - Veja todos os nossos projectos - Veja todos os nossos projectos - Veja todos os nossos projectos - Veja todos os nossos projectos - Veja todos os nossos projectos - Veja todos os nossos projectos - Veja todos os nossos projectos -&nbsp;<\/a><\/h3>\t\t<\/div>\n\t\t\t\t<\/div>\n\t\t\t\t<\/div>\n\t\t\t\t<div class=\"elementor-element elementor-element-d8ffa13 elementor-widget elementor-widget-spacer\" data-id=\"d8ffa13\" data-element_type=\"widget\" data-widget_type=\"spacer.default\">\n\t\t\t\t<div class=\"elementor-widget-container\">\n\t\t\t\t\t<div class=\"elementor-spacer\">\n\t\t\t<div class=\"elementor-spacer-inner\"><\/div>\n\t\t<\/div>\n\t\t\t\t<\/div>\n\t\t\t\t<\/div>\n\t\t\t\t<\/div>\n\t\t\t\t<\/div>","protected":false},"excerpt":{"rendered":"<p>As a creative boutique our vision is to ignite inspiration and beauty through captivating design and web experiences. Expertise Client-Centric Approach Continuous improvement Founders Andreia Arau\u0301jo is the Creative Director behind every brand and Cheila Cardoso the Brand Strategist and Project Manager ensuring every project flows seamlessly from concept to completion. With 15+ years of [&hellip;]<\/p>","protected":false},"author":2,"featured_media":0,"parent":0,"menu_order":0,"comment_status":"closed","ping_status":"closed","template":"","meta":{"footnotes":""},"class_list":["post-256","page","type-page","status-publish","hentry"],"acf":[],"_links":{"self":[{"href":"https:\/\/blumestudio.pt\/pt\/wp-json\/wp\/v2\/pages\/256","targetHints":{"allow":["GET"]}}],"collection":[{"href":"https:\/\/blumestudio.pt\/pt\/wp-json\/wp\/v2\/pages"}],"about":[{"href":"https:\/\/blumestudio.pt\/pt\/wp-json\/wp\/v2\/types\/page"}],"author":[{"embeddable":true,"href":"https:\/\/blumestudio.pt\/pt\/wp-json\/wp\/v2\/users\/2"}],"replies":[{"embeddable":true,"href":"https:\/\/blumestudio.pt\/pt\/wp-json\/wp\/v2\/comments?post=256"}],"version-history":[{"count":142,"href":"https:\/\/blumestudio.pt\/pt\/wp-json\/wp\/v2\/pages\/256\/revisions"}],"predecessor-version":[{"id":1619,"href":"https:\/\/blumestudio.pt\/pt\/wp-json\/wp\/v2\/pages\/256\/revisions\/1619"}],"wp:attachment":[{"href":"https:\/\/blumestudio.pt\/pt\/wp-json\/wp\/v2\/media?parent=256"}],"curies":[{"name":"wp","href":"https:\/\/api.w.org\/{rel}","templated":true}]}}